{"id":832,"date":"2024-07-31T14:20:45","date_gmt":"2024-07-31T14:20:45","guid":{"rendered":"https:\/\/www.palladiohotelbuenosaires.com\/?page_id=832"},"modified":"2024-07-31T14:22:59","modified_gmt":"2024-07-31T14:22:59","slug":"momentos-m","status":"publish","type":"page","link":"https:\/\/www.palladiohotelbuenosaires.com\/pt-pt\/momentos-m\/","title":{"rendered":"M Moments"},"content":{"rendered":"<p>A MGallery acredita na cria\u00e7\u00e3o de experi\u00eancias memor\u00e1veis \u200b\u200be significativas \u2013 momentos fugazes que durar\u00e3o para sempre.<\/p>\n<p>Viva o seu momento M excecional nos nossos 120 hot\u00e9is boutique em todo o mundo, cada um deles uma galeria de arte, beleza e hist\u00f3rias inesperadas.<\/p>\n<p>MGallery: onde o inesperado espera<\/p>\n","protected":false},"excerpt":{"rendered":"<p>A MGallery acredita na cria\u00e7\u00e3o de experi\u00eancias memor\u00e1veis \u200b\u200be significativas \u2013 momentos fugazes que durar\u00e3o para sempre. Viva o seu momento M excecional nos nossos 120 hot\u00e9is boutique em todo o mundo, cada um deles uma galeria de arte, beleza e hist\u00f3rias inesperadas. MGallery: onde o inesperado espera<\/p>\n","protected":false},"author":27,"featured_media":0,"parent":0,"menu_order":200,"comment_status":"closed","ping_status":"closed","template":"template-mmoment.php","meta":{"footnotes":""},"categories":[],"class_list":["post-832","page","type-page","status-publish","hentry"],"acf":[],"yoast_head":"<!-- This site is optimized with the Yoast SEO plugin v26.9 - https:\/\/yoast.com\/product\/yoast-seo-wordpress\/ -->\n<title>M Moments &#183; Palladio Hotel Buenos Aires - MGallery Collection &#183;<\/title>\n<meta name=\"description\" content=\"A MGallery acredita na cria\u00e7\u00e3o de experi\u00eancias memor\u00e1veis \u200b\u200be significativas \u2013 momentos fugazes que durar\u00e3o para sempre.  Viva o seu momento M excecional nos nossos 120 hot\u00e9is boutique em todo o mundo, cada um deles uma galeria de arte, beleza e hist\u00f3rias inesperadas.  MGallery: onde o inesperado espera.\" \/>\n<meta name=\"robots\" content=\"index, follow, max-snippet:-1, max-image-preview:large, max-video-preview:-1\" \/>\n<link rel=\"canonical\" href=\"https:\/\/www.palladiohotelbuenosaires.com\/pt-pt\/momentos-m\/\" \/>\n<meta property=\"og:locale\" content=\"pt_PT\" \/>\n<meta property=\"og:type\" content=\"article\" \/>\n<meta property=\"og:title\" content=\"M Moments &#183; Palladio Hotel Buenos Aires - MGallery Collection &#183;\" \/>\n<meta property=\"og:description\" content=\"A MGallery acredita na cria\u00e7\u00e3o de experi\u00eancias memor\u00e1veis \u200b\u200be significativas \u2013 momentos fugazes que durar\u00e3o para sempre.  Viva o seu momento M excecional nos nossos 120 hot\u00e9is boutique em todo o mundo, cada um deles uma galeria de arte, beleza e hist\u00f3rias inesperadas.  MGallery: onde o inesperado espera.\" \/>\n<meta property=\"og:url\" content=\"https:\/\/www.palladiohotelbuenosaires.com\/pt-pt\/momentos-m\/\" \/>\n<meta property=\"og:site_name\" content=\"Palladio Hotel Buenos Aires - MGallery Collection\" \/>\n<meta property=\"article:modified_time\" content=\"2024-07-31T14:22:59+00:00\" \/>\n<meta name=\"twitter:card\" content=\"summary_large_image\" \/>\n<script type=\"application\/ld+json\" class=\"yoast-schema-graph\">{\"@context\":\"https:\/\/schema.org\",\"@graph\":[{\"@type\":\"WebPage\",\"@id\":\"https:\/\/www.palladiohotelbuenosaires.com\/pt-pt\/momentos-m\/\",\"url\":\"https:\/\/www.palladiohotelbuenosaires.com\/pt-pt\/momentos-m\/\",\"name\":\"M Moments &#183; Palladio Hotel Buenos Aires - MGallery Collection &#183;\",\"isPartOf\":{\"@id\":\"https:\/\/www.palladiohotelbuenosaires.com\/#website\"},\"datePublished\":\"2024-07-31T14:20:45+00:00\",\"dateModified\":\"2024-07-31T14:22:59+00:00\",\"description\":\"A MGallery acredita na cria\u00e7\u00e3o de experi\u00eancias memor\u00e1veis \u200b\u200be significativas \u2013 momentos fugazes que durar\u00e3o para sempre. Viva o seu momento M excecional nos nossos 120 hot\u00e9is boutique em todo o mundo, cada um deles uma galeria de arte, beleza e hist\u00f3rias inesperadas. MGallery: onde o inesperado espera.\",\"breadcrumb\":{\"@id\":\"https:\/\/www.palladiohotelbuenosaires.com\/pt-pt\/momentos-m\/#breadcrumb\"},\"inLanguage\":\"pt-PT\",\"potentialAction\":[{\"@type\":\"ReadAction\",\"target\":[\"https:\/\/www.palladiohotelbuenosaires.com\/pt-pt\/momentos-m\/\"]}]},{\"@type\":\"BreadcrumbList\",\"@id\":\"https:\/\/www.palladiohotelbuenosaires.com\/pt-pt\/momentos-m\/#breadcrumb\",\"itemListElement\":[{\"@type\":\"ListItem\",\"position\":1,\"name\":\"Home\",\"item\":\"https:\/\/www.palladiohotelbuenosaires.com\/pt-pt\/\"},{\"@type\":\"ListItem\",\"position\":2,\"name\":\"M Moments\"}]},{\"@type\":\"WebSite\",\"@id\":\"https:\/\/www.palladiohotelbuenosaires.com\/#website\",\"url\":\"https:\/\/www.palladiohotelbuenosaires.com\/\",\"name\":\"Palladio Hotel Buenos Aires - MGallery Collection\",\"description\":\"Just another D-Edge Accor V2 Sites Hosting site\",\"potentialAction\":[{\"@type\":\"SearchAction\",\"target\":{\"@type\":\"EntryPoint\",\"urlTemplate\":\"https:\/\/www.palladiohotelbuenosaires.com\/?s={search_term_string}\"},\"query-input\":{\"@type\":\"PropertyValueSpecification\",\"valueRequired\":true,\"valueName\":\"search_term_string\"}}],\"inLanguage\":\"pt-PT\"}]}<\/script>\n<!-- \/ Yoast SEO plugin. -->","yoast_head_json":{"title":"M Moments &#183; Palladio Hotel Buenos Aires - MGallery Collection &#183;","description":"A MGallery acredita na cria\u00e7\u00e3o de experi\u00eancias memor\u00e1veis \u200b\u200be significativas \u2013 momentos fugazes que durar\u00e3o para sempre.  Viva o seu momento M excecional nos nossos 120 hot\u00e9is boutique em todo o mundo, cada um deles uma galeria de arte, beleza e hist\u00f3rias inesperadas.  MGallery: onde o inesperado espera.","robots":{"index":"index","follow":"follow","max-snippet":"max-snippet:-1","max-image-preview":"max-image-preview:large","max-video-preview":"max-video-preview:-1"},"canonical":"https:\/\/www.palladiohotelbuenosaires.com\/pt-pt\/momentos-m\/","og_locale":"pt_PT","og_type":"article","og_title":"M Moments &#183; Palladio Hotel Buenos Aires - MGallery Collection &#183;","og_description":"A MGallery acredita na cria\u00e7\u00e3o de experi\u00eancias memor\u00e1veis \u200b\u200be significativas \u2013 momentos fugazes que durar\u00e3o para sempre.  Viva o seu momento M excecional nos nossos 120 hot\u00e9is boutique em todo o mundo, cada um deles uma galeria de arte, beleza e hist\u00f3rias inesperadas.  MGallery: onde o inesperado espera.","og_url":"https:\/\/www.palladiohotelbuenosaires.com\/pt-pt\/momentos-m\/","og_site_name":"Palladio Hotel Buenos Aires - MGallery Collection","article_modified_time":"2024-07-31T14:22:59+00:00","twitter_card":"summary_large_image","schema":{"@context":"https:\/\/schema.org","@graph":[{"@type":"WebPage","@id":"https:\/\/www.palladiohotelbuenosaires.com\/pt-pt\/momentos-m\/","url":"https:\/\/www.palladiohotelbuenosaires.com\/pt-pt\/momentos-m\/","name":"M Moments &#183; Palladio Hotel Buenos Aires - MGallery Collection &#183;","isPartOf":{"@id":"https:\/\/www.palladiohotelbuenosaires.com\/#website"},"datePublished":"2024-07-31T14:20:45+00:00","dateModified":"2024-07-31T14:22:59+00:00","description":"A MGallery acredita na cria\u00e7\u00e3o de experi\u00eancias memor\u00e1veis \u200b\u200be significativas \u2013 momentos fugazes que durar\u00e3o para sempre. Viva o seu momento M excecional nos nossos 120 hot\u00e9is boutique em todo o mundo, cada um deles uma galeria de arte, beleza e hist\u00f3rias inesperadas. MGallery: onde o inesperado espera.","breadcrumb":{"@id":"https:\/\/www.palladiohotelbuenosaires.com\/pt-pt\/momentos-m\/#breadcrumb"},"inLanguage":"pt-PT","potentialAction":[{"@type":"ReadAction","target":["https:\/\/www.palladiohotelbuenosaires.com\/pt-pt\/momentos-m\/"]}]},{"@type":"BreadcrumbList","@id":"https:\/\/www.palladiohotelbuenosaires.com\/pt-pt\/momentos-m\/#breadcrumb","itemListElement":[{"@type":"ListItem","position":1,"name":"Home","item":"https:\/\/www.palladiohotelbuenosaires.com\/pt-pt\/"},{"@type":"ListItem","position":2,"name":"M Moments"}]},{"@type":"WebSite","@id":"https:\/\/www.palladiohotelbuenosaires.com\/#website","url":"https:\/\/www.palladiohotelbuenosaires.com\/","name":"Palladio Hotel Buenos Aires - MGallery Collection","description":"Just another D-Edge Accor V2 Sites Hosting site","potentialAction":[{"@type":"SearchAction","target":{"@type":"EntryPoint","urlTemplate":"https:\/\/www.palladiohotelbuenosaires.com\/?s={search_term_string}"},"query-input":{"@type":"PropertyValueSpecification","valueRequired":true,"valueName":"search_term_string"}}],"inLanguage":"pt-PT"}]}},"_links":{"self":[{"href":"https:\/\/www.palladiohotelbuenosaires.com\/pt-pt\/wp-json\/wp\/v2\/pages\/832","targetHints":{"allow":["GET"]}}],"collection":[{"href":"https:\/\/www.palladiohotelbuenosaires.com\/pt-pt\/wp-json\/wp\/v2\/pages"}],"about":[{"href":"https:\/\/www.palladiohotelbuenosaires.com\/pt-pt\/wp-json\/wp\/v2\/types\/page"}],"author":[{"embeddable":true,"href":"https:\/\/www.palladiohotelbuenosaires.com\/pt-pt\/wp-json\/wp\/v2\/users\/27"}],"replies":[{"embeddable":true,"href":"https:\/\/www.palladiohotelbuenosaires.com\/pt-pt\/wp-json\/wp\/v2\/comments?post=832"}],"version-history":[{"count":0,"href":"https:\/\/www.palladiohotelbuenosaires.com\/pt-pt\/wp-json\/wp\/v2\/pages\/832\/revisions"}],"wp:attachment":[{"href":"https:\/\/www.palladiohotelbuenosaires.com\/pt-pt\/wp-json\/wp\/v2\/media?parent=832"}],"wp:term":[{"taxonomy":"category","embeddable":true,"href":"https:\/\/www.palladiohotelbuenosaires.com\/pt-pt\/wp-json\/wp\/v2\/categories?post=832"}],"curies":[{"name":"wp","href":"https:\/\/api.w.org\/{rel}","templated":true}]}}