{"id":470,"date":"2022-01-26T10:26:47","date_gmt":"2022-01-26T10:26:47","guid":{"rendered":"https:\/\/mgallerypalladiohotel.accorv2prod.decms.eu\/?page_id=470"},"modified":"2025-12-02T10:28:58","modified_gmt":"2025-12-02T10:28:58","slug":"contato","status":"publish","type":"page","link":"https:\/\/www.palladiohotelbuenosaires.com\/pt-pt\/contato\/","title":{"rendered":"Contato"},"content":{"rendered":"<p style=\"text-align: center;\">Palladio Hotel Buenos Aires &#8211; MGallery Collection \u2606\u2606\u2606\u2606\u2606<br \/>\nAv. Callao 924 &#8211; C1023AAP<br \/>\nC.A.B.A. &#8211; Buenos Aires &#8211; Argentina<br \/>\nTel.: +54 (11) 4700 7500<br \/>\nWhatsApp: +54 (911) 6968 8405<br \/>\nEmail: reservas.palladio@accor.com<\/p>\n<p>&nbsp;<\/p>\n<p style=\"text-align: center;\">Livro de reclama\u00e7\u00f5es online e Prote\u00e7\u00e3o e defesa do consumidor:<br \/>\nDe acordo com as normas argentinas de prote\u00e7\u00e3o e defesa do consumidor,<br \/>\npode aceder ao livro de reclama\u00e7\u00f5es online aqui<br \/>\n<a href=\"https:\/\/shorturl.at\/BvOo8\">https:\/\/shorturl.at\/BvOo8<\/a><\/p>\n<p style=\"text-align: center;\">Prote\u00e7\u00e3o e defesa do consumidor aqui<br \/>\n<a href=\"https:\/\/shorturl.at\/hTBd1\">https:\/\/shorturl.at\/hTBd1<\/a><\/p>\n","protected":false},"excerpt":{"rendered":"<p>Palladio Hotel Buenos Aires &#8211; MGallery Collection \u2606\u2606\u2606\u2606\u2606 Av. Callao 924 &#8211; C1023AAP C.A.B.A. &#8211; Buenos Aires &#8211; Argentina Tel.: +54 (11) 4700 7500 WhatsApp: +54 (911) 6968 8405 Email: reservas.palladio@accor.com &nbsp; Livro de reclama\u00e7\u00f5es online e Prote\u00e7\u00e3o e defesa do consumidor: De acordo com as normas argentinas de prote\u00e7\u00e3o e defesa do consumidor, pode [&hellip;]<\/p>\n","protected":false},"author":12,"featured_media":0,"parent":0,"menu_order":100,"comment_status":"closed","ping_status":"closed","template":"template-contact.php","meta":{"footnotes":""},"categories":[],"class_list":["post-470","page","type-page","status-publish","hentry"],"acf":[],"yoast_head":"<!-- This site is optimized with the Yoast SEO plugin v26.9 - https:\/\/yoast.com\/product\/yoast-seo-wordpress\/ -->\n<title>Contato &#183; Palladio Hotel Buenos Aires - MGallery Collection &#183;<\/title>\n<meta name=\"description\" content=\"Palladio Hotel Buenos Aires - MGallery Collection \u2606\u2606\u2606\u2606\u2606 Av. Callao 924 - C1023AAP C.A.B.A\" \/>\n<meta name=\"robots\" content=\"index, follow, max-snippet:-1, max-image-preview:large, max-video-preview:-1\" \/>\n<link rel=\"canonical\" href=\"https:\/\/www.palladiohotelbuenosaires.com\/pt-pt\/contato\/\" \/>\n<meta property=\"og:locale\" content=\"pt_PT\" \/>\n<meta property=\"og:type\" content=\"article\" \/>\n<meta property=\"og:title\" content=\"Contato &#183; Palladio Hotel Buenos Aires - MGallery Collection &#183;\" \/>\n<meta property=\"og:description\" content=\"Palladio Hotel Buenos Aires - MGallery Collection \u2606\u2606\u2606\u2606\u2606 Av. Callao 924 - C1023AAP C.A.B.A\" \/>\n<meta property=\"og:url\" content=\"https:\/\/www.palladiohotelbuenosaires.com\/pt-pt\/contato\/\" \/>\n<meta property=\"og:site_name\" content=\"Palladio Hotel Buenos Aires - MGallery Collection\" \/>\n<meta property=\"article:modified_time\" content=\"2025-12-02T10:28:58+00:00\" \/>\n<meta name=\"twitter:card\" content=\"summary_large_image\" \/>\n<meta name=\"twitter:label1\" content=\"Tempo estimado de leitura\" \/>\n\t<meta name=\"twitter:data1\" content=\"1 minuto\" \/>\n<script type=\"application\/ld+json\" class=\"yoast-schema-graph\">{\"@context\":\"https:\/\/schema.org\",\"@graph\":[{\"@type\":\"WebPage\",\"@id\":\"https:\/\/www.palladiohotelbuenosaires.com\/pt-pt\/contato\/\",\"url\":\"https:\/\/www.palladiohotelbuenosaires.com\/pt-pt\/contato\/\",\"name\":\"Contato &#183; Palladio Hotel Buenos Aires - MGallery Collection &#183;\",\"isPartOf\":{\"@id\":\"https:\/\/www.palladiohotelbuenosaires.com\/#website\"},\"datePublished\":\"2022-01-26T10:26:47+00:00\",\"dateModified\":\"2025-12-02T10:28:58+00:00\",\"description\":\"Palladio Hotel Buenos Aires - MGallery Collection \u2606\u2606\u2606\u2606\u2606 Av. Callao 924 - C1023AAP C.A.B.A\",\"breadcrumb\":{\"@id\":\"https:\/\/www.palladiohotelbuenosaires.com\/pt-pt\/contato\/#breadcrumb\"},\"inLanguage\":\"pt-PT\",\"potentialAction\":[{\"@type\":\"ReadAction\",\"target\":[\"https:\/\/www.palladiohotelbuenosaires.com\/pt-pt\/contato\/\"]}]},{\"@type\":\"BreadcrumbList\",\"@id\":\"https:\/\/www.palladiohotelbuenosaires.com\/pt-pt\/contato\/#breadcrumb\",\"itemListElement\":[{\"@type\":\"ListItem\",\"position\":1,\"name\":\"Home\",\"item\":\"https:\/\/www.palladiohotelbuenosaires.com\/pt-pt\/\"},{\"@type\":\"ListItem\",\"position\":2,\"name\":\"Contato\"}]},{\"@type\":\"WebSite\",\"@id\":\"https:\/\/www.palladiohotelbuenosaires.com\/#website\",\"url\":\"https:\/\/www.palladiohotelbuenosaires.com\/\",\"name\":\"Palladio Hotel Buenos Aires - MGallery Collection\",\"description\":\"Just another D-Edge Accor V2 Sites Hosting site\",\"potentialAction\":[{\"@type\":\"SearchAction\",\"target\":{\"@type\":\"EntryPoint\",\"urlTemplate\":\"https:\/\/www.palladiohotelbuenosaires.com\/?s={search_term_string}\"},\"query-input\":{\"@type\":\"PropertyValueSpecification\",\"valueRequired\":true,\"valueName\":\"search_term_string\"}}],\"inLanguage\":\"pt-PT\"}]}<\/script>\n<!-- \/ Yoast SEO plugin. -->","yoast_head_json":{"title":"Contato &#183; Palladio Hotel Buenos Aires - MGallery Collection &#183;","description":"Palladio Hotel Buenos Aires - MGallery Collection \u2606\u2606\u2606\u2606\u2606 Av. Callao 924 - C1023AAP C.A.B.A","robots":{"index":"index","follow":"follow","max-snippet":"max-snippet:-1","max-image-preview":"max-image-preview:large","max-video-preview":"max-video-preview:-1"},"canonical":"https:\/\/www.palladiohotelbuenosaires.com\/pt-pt\/contato\/","og_locale":"pt_PT","og_type":"article","og_title":"Contato &#183; Palladio Hotel Buenos Aires - MGallery Collection &#183;","og_description":"Palladio Hotel Buenos Aires - MGallery Collection \u2606\u2606\u2606\u2606\u2606 Av. Callao 924 - C1023AAP C.A.B.A","og_url":"https:\/\/www.palladiohotelbuenosaires.com\/pt-pt\/contato\/","og_site_name":"Palladio Hotel Buenos Aires - MGallery Collection","article_modified_time":"2025-12-02T10:28:58+00:00","twitter_card":"summary_large_image","twitter_misc":{"Tempo estimado de leitura":"1 minuto"},"schema":{"@context":"https:\/\/schema.org","@graph":[{"@type":"WebPage","@id":"https:\/\/www.palladiohotelbuenosaires.com\/pt-pt\/contato\/","url":"https:\/\/www.palladiohotelbuenosaires.com\/pt-pt\/contato\/","name":"Contato &#183; Palladio Hotel Buenos Aires - MGallery Collection &#183;","isPartOf":{"@id":"https:\/\/www.palladiohotelbuenosaires.com\/#website"},"datePublished":"2022-01-26T10:26:47+00:00","dateModified":"2025-12-02T10:28:58+00:00","description":"Palladio Hotel Buenos Aires - MGallery Collection \u2606\u2606\u2606\u2606\u2606 Av. Callao 924 - C1023AAP C.A.B.A","breadcrumb":{"@id":"https:\/\/www.palladiohotelbuenosaires.com\/pt-pt\/contato\/#breadcrumb"},"inLanguage":"pt-PT","potentialAction":[{"@type":"ReadAction","target":["https:\/\/www.palladiohotelbuenosaires.com\/pt-pt\/contato\/"]}]},{"@type":"BreadcrumbList","@id":"https:\/\/www.palladiohotelbuenosaires.com\/pt-pt\/contato\/#breadcrumb","itemListElement":[{"@type":"ListItem","position":1,"name":"Home","item":"https:\/\/www.palladiohotelbuenosaires.com\/pt-pt\/"},{"@type":"ListItem","position":2,"name":"Contato"}]},{"@type":"WebSite","@id":"https:\/\/www.palladiohotelbuenosaires.com\/#website","url":"https:\/\/www.palladiohotelbuenosaires.com\/","name":"Palladio Hotel Buenos Aires - MGallery Collection","description":"Just another D-Edge Accor V2 Sites Hosting site","potentialAction":[{"@type":"SearchAction","target":{"@type":"EntryPoint","urlTemplate":"https:\/\/www.palladiohotelbuenosaires.com\/?s={search_term_string}"},"query-input":{"@type":"PropertyValueSpecification","valueRequired":true,"valueName":"search_term_string"}}],"inLanguage":"pt-PT"}]}},"_links":{"self":[{"href":"https:\/\/www.palladiohotelbuenosaires.com\/pt-pt\/wp-json\/wp\/v2\/pages\/470","targetHints":{"allow":["GET"]}}],"collection":[{"href":"https:\/\/www.palladiohotelbuenosaires.com\/pt-pt\/wp-json\/wp\/v2\/pages"}],"about":[{"href":"https:\/\/www.palladiohotelbuenosaires.com\/pt-pt\/wp-json\/wp\/v2\/types\/page"}],"author":[{"embeddable":true,"href":"https:\/\/www.palladiohotelbuenosaires.com\/pt-pt\/wp-json\/wp\/v2\/users\/12"}],"replies":[{"embeddable":true,"href":"https:\/\/www.palladiohotelbuenosaires.com\/pt-pt\/wp-json\/wp\/v2\/comments?post=470"}],"version-history":[{"count":0,"href":"https:\/\/www.palladiohotelbuenosaires.com\/pt-pt\/wp-json\/wp\/v2\/pages\/470\/revisions"}],"wp:attachment":[{"href":"https:\/\/www.palladiohotelbuenosaires.com\/pt-pt\/wp-json\/wp\/v2\/media?parent=470"}],"wp:term":[{"taxonomy":"category","embeddable":true,"href":"https:\/\/www.palladiohotelbuenosaires.com\/pt-pt\/wp-json\/wp\/v2\/categories?post=470"}],"curies":[{"name":"wp","href":"https:\/\/api.w.org\/{rel}","templated":true}]}}