{"id":467,"date":"2022-01-26T10:19:22","date_gmt":"2022-01-26T10:19:22","guid":{"rendered":"https:\/\/mgallerypalladiohotel.accorv2prod.decms.eu\/?page_id=467"},"modified":"2024-04-23T18:45:51","modified_gmt":"2024-04-23T18:45:51","slug":"boardroom-2","status":"publish","type":"page","link":"https:\/\/www.palladiohotelbuenosaires.com\/pt-pt\/reunioes-e-eventos\/boardroom-2\/","title":{"rendered":"Boardroom 2"},"content":{"rendered":"<p>Este moderno e elegante espa\u00e7o com capacidade para at\u00e9 14 pessoas conta com todo o equipamento e conforto necess\u00e1rios para reuni\u00f5es de neg\u00f3cios. Ideal para apresenta\u00e7\u00f5es, reuni\u00f5es executivas e videoconfer\u00eancias.<\/p>\n","protected":false},"excerpt":{"rendered":"<p>Este moderno e elegante espa\u00e7o com capacidade para at\u00e9 14 pessoas conta com todo o equipamento e conforto necess\u00e1rios para reuni\u00f5es de neg\u00f3cios. Ideal para apresenta\u00e7\u00f5es, reuni\u00f5es executivas e videoconfer\u00eancias.<\/p>\n","protected":false},"author":12,"featured_media":0,"parent":462,"menu_order":40,"comment_status":"closed","ping_status":"closed","template":"template-meeting-room.php","meta":{"footnotes":""},"categories":[],"class_list":["post-467","page","type-page","status-publish","hentry"],"acf":[],"yoast_head":"<!-- This site is optimized with the Yoast SEO plugin v26.9 - https:\/\/yoast.com\/product\/yoast-seo-wordpress\/ -->\n<title>Boardroom 2 &#183; Palladio Hotel Buenos Aires - MGallery Collection &#183;<\/title>\n<meta name=\"description\" content=\"Este moderno e elegante espa\u00e7o com capacidade para at\u00e9 14 pessoas conta com todo o equipamento e conforto necess\u00e1rios para reuni\u00f5es de neg\u00f3cios. Ideal para apresenta\u00e7\u00f5es, reuni\u00f5es executivas e videoconfer\u00eancias.\" \/>\n<meta name=\"robots\" content=\"index, follow, max-snippet:-1, max-image-preview:large, max-video-preview:-1\" \/>\n<link rel=\"canonical\" href=\"https:\/\/www.palladiohotelbuenosaires.com\/pt-pt\/reunioes-e-eventos\/boardroom-2\/\" \/>\n<meta property=\"og:locale\" content=\"pt_PT\" \/>\n<meta property=\"og:type\" content=\"article\" \/>\n<meta property=\"og:title\" content=\"Boardroom 2 &#183; Palladio Hotel Buenos Aires - MGallery Collection &#183;\" \/>\n<meta property=\"og:description\" content=\"Este moderno e elegante espa\u00e7o com capacidade para at\u00e9 14 pessoas conta com todo o equipamento e conforto necess\u00e1rios para reuni\u00f5es de neg\u00f3cios. Ideal para apresenta\u00e7\u00f5es, reuni\u00f5es executivas e videoconfer\u00eancias.\" \/>\n<meta property=\"og:url\" content=\"https:\/\/www.palladiohotelbuenosaires.com\/pt-pt\/reunioes-e-eventos\/boardroom-2\/\" \/>\n<meta property=\"og:site_name\" content=\"Palladio Hotel Buenos Aires - MGallery Collection\" \/>\n<meta property=\"article:modified_time\" content=\"2024-04-23T18:45:51+00:00\" \/>\n<meta name=\"twitter:card\" content=\"summary_large_image\" \/>\n<meta name=\"twitter:label1\" content=\"Tempo estimado de leitura\" \/>\n\t<meta name=\"twitter:data1\" content=\"1 minuto\" \/>\n<script type=\"application\/ld+json\" class=\"yoast-schema-graph\">{\"@context\":\"https:\/\/schema.org\",\"@graph\":[{\"@type\":\"WebPage\",\"@id\":\"https:\/\/www.palladiohotelbuenosaires.com\/pt-pt\/reunioes-e-eventos\/boardroom-2\/\",\"url\":\"https:\/\/www.palladiohotelbuenosaires.com\/pt-pt\/reunioes-e-eventos\/boardroom-2\/\",\"name\":\"Boardroom 2 &#183; Palladio Hotel Buenos Aires - MGallery Collection &#183;\",\"isPartOf\":{\"@id\":\"https:\/\/www.palladiohotelbuenosaires.com\/#website\"},\"datePublished\":\"2022-01-26T10:19:22+00:00\",\"dateModified\":\"2024-04-23T18:45:51+00:00\",\"description\":\"Este moderno e elegante espa\u00e7o com capacidade para at\u00e9 14 pessoas conta com todo o equipamento e conforto necess\u00e1rios para reuni\u00f5es de neg\u00f3cios. Ideal para apresenta\u00e7\u00f5es, reuni\u00f5es executivas e videoconfer\u00eancias.\",\"breadcrumb\":{\"@id\":\"https:\/\/www.palladiohotelbuenosaires.com\/pt-pt\/reunioes-e-eventos\/boardroom-2\/#breadcrumb\"},\"inLanguage\":\"pt-PT\",\"potentialAction\":[{\"@type\":\"ReadAction\",\"target\":[\"https:\/\/www.palladiohotelbuenosaires.com\/pt-pt\/reunioes-e-eventos\/boardroom-2\/\"]}]},{\"@type\":\"BreadcrumbList\",\"@id\":\"https:\/\/www.palladiohotelbuenosaires.com\/pt-pt\/reunioes-e-eventos\/boardroom-2\/#breadcrumb\",\"itemListElement\":[{\"@type\":\"ListItem\",\"position\":1,\"name\":\"Home\",\"item\":\"https:\/\/www.palladiohotelbuenosaires.com\/pt-pt\/\"},{\"@type\":\"ListItem\",\"position\":2,\"name\":\"Reuni\u00f5es e Eventos\",\"item\":\"https:\/\/www.palladiohotelbuenosaires.com\/pt-pt\/reunioes-e-eventos\/\"},{\"@type\":\"ListItem\",\"position\":3,\"name\":\"Boardroom 2\"}]},{\"@type\":\"WebSite\",\"@id\":\"https:\/\/www.palladiohotelbuenosaires.com\/#website\",\"url\":\"https:\/\/www.palladiohotelbuenosaires.com\/\",\"name\":\"Palladio Hotel Buenos Aires - MGallery Collection\",\"description\":\"Just another D-Edge Accor V2 Sites Hosting site\",\"potentialAction\":[{\"@type\":\"SearchAction\",\"target\":{\"@type\":\"EntryPoint\",\"urlTemplate\":\"https:\/\/www.palladiohotelbuenosaires.com\/?s={search_term_string}\"},\"query-input\":{\"@type\":\"PropertyValueSpecification\",\"valueRequired\":true,\"valueName\":\"search_term_string\"}}],\"inLanguage\":\"pt-PT\"}]}<\/script>\n<!-- \/ Yoast SEO plugin. -->","yoast_head_json":{"title":"Boardroom 2 &#183; Palladio Hotel Buenos Aires - MGallery Collection &#183;","description":"Este moderno e elegante espa\u00e7o com capacidade para at\u00e9 14 pessoas conta com todo o equipamento e conforto necess\u00e1rios para reuni\u00f5es de neg\u00f3cios. Ideal para apresenta\u00e7\u00f5es, reuni\u00f5es executivas e videoconfer\u00eancias.","robots":{"index":"index","follow":"follow","max-snippet":"max-snippet:-1","max-image-preview":"max-image-preview:large","max-video-preview":"max-video-preview:-1"},"canonical":"https:\/\/www.palladiohotelbuenosaires.com\/pt-pt\/reunioes-e-eventos\/boardroom-2\/","og_locale":"pt_PT","og_type":"article","og_title":"Boardroom 2 &#183; Palladio Hotel Buenos Aires - MGallery Collection &#183;","og_description":"Este moderno e elegante espa\u00e7o com capacidade para at\u00e9 14 pessoas conta com todo o equipamento e conforto necess\u00e1rios para reuni\u00f5es de neg\u00f3cios. Ideal para apresenta\u00e7\u00f5es, reuni\u00f5es executivas e videoconfer\u00eancias.","og_url":"https:\/\/www.palladiohotelbuenosaires.com\/pt-pt\/reunioes-e-eventos\/boardroom-2\/","og_site_name":"Palladio Hotel Buenos Aires - MGallery Collection","article_modified_time":"2024-04-23T18:45:51+00:00","twitter_card":"summary_large_image","twitter_misc":{"Tempo estimado de leitura":"1 minuto"},"schema":{"@context":"https:\/\/schema.org","@graph":[{"@type":"WebPage","@id":"https:\/\/www.palladiohotelbuenosaires.com\/pt-pt\/reunioes-e-eventos\/boardroom-2\/","url":"https:\/\/www.palladiohotelbuenosaires.com\/pt-pt\/reunioes-e-eventos\/boardroom-2\/","name":"Boardroom 2 &#183; Palladio Hotel Buenos Aires - MGallery Collection &#183;","isPartOf":{"@id":"https:\/\/www.palladiohotelbuenosaires.com\/#website"},"datePublished":"2022-01-26T10:19:22+00:00","dateModified":"2024-04-23T18:45:51+00:00","description":"Este moderno e elegante espa\u00e7o com capacidade para at\u00e9 14 pessoas conta com todo o equipamento e conforto necess\u00e1rios para reuni\u00f5es de neg\u00f3cios. Ideal para apresenta\u00e7\u00f5es, reuni\u00f5es executivas e videoconfer\u00eancias.","breadcrumb":{"@id":"https:\/\/www.palladiohotelbuenosaires.com\/pt-pt\/reunioes-e-eventos\/boardroom-2\/#breadcrumb"},"inLanguage":"pt-PT","potentialAction":[{"@type":"ReadAction","target":["https:\/\/www.palladiohotelbuenosaires.com\/pt-pt\/reunioes-e-eventos\/boardroom-2\/"]}]},{"@type":"BreadcrumbList","@id":"https:\/\/www.palladiohotelbuenosaires.com\/pt-pt\/reunioes-e-eventos\/boardroom-2\/#breadcrumb","itemListElement":[{"@type":"ListItem","position":1,"name":"Home","item":"https:\/\/www.palladiohotelbuenosaires.com\/pt-pt\/"},{"@type":"ListItem","position":2,"name":"Reuni\u00f5es e Eventos","item":"https:\/\/www.palladiohotelbuenosaires.com\/pt-pt\/reunioes-e-eventos\/"},{"@type":"ListItem","position":3,"name":"Boardroom 2"}]},{"@type":"WebSite","@id":"https:\/\/www.palladiohotelbuenosaires.com\/#website","url":"https:\/\/www.palladiohotelbuenosaires.com\/","name":"Palladio Hotel Buenos Aires - MGallery Collection","description":"Just another D-Edge Accor V2 Sites Hosting site","potentialAction":[{"@type":"SearchAction","target":{"@type":"EntryPoint","urlTemplate":"https:\/\/www.palladiohotelbuenosaires.com\/?s={search_term_string}"},"query-input":{"@type":"PropertyValueSpecification","valueRequired":true,"valueName":"search_term_string"}}],"inLanguage":"pt-PT"}]}},"_links":{"self":[{"href":"https:\/\/www.palladiohotelbuenosaires.com\/pt-pt\/wp-json\/wp\/v2\/pages\/467","targetHints":{"allow":["GET"]}}],"collection":[{"href":"https:\/\/www.palladiohotelbuenosaires.com\/pt-pt\/wp-json\/wp\/v2\/pages"}],"about":[{"href":"https:\/\/www.palladiohotelbuenosaires.com\/pt-pt\/wp-json\/wp\/v2\/types\/page"}],"author":[{"embeddable":true,"href":"https:\/\/www.palladiohotelbuenosaires.com\/pt-pt\/wp-json\/wp\/v2\/users\/12"}],"replies":[{"embeddable":true,"href":"https:\/\/www.palladiohotelbuenosaires.com\/pt-pt\/wp-json\/wp\/v2\/comments?post=467"}],"version-history":[{"count":0,"href":"https:\/\/www.palladiohotelbuenosaires.com\/pt-pt\/wp-json\/wp\/v2\/pages\/467\/revisions"}],"up":[{"embeddable":true,"href":"https:\/\/www.palladiohotelbuenosaires.com\/pt-pt\/wp-json\/wp\/v2\/pages\/462"}],"wp:attachment":[{"href":"https:\/\/www.palladiohotelbuenosaires.com\/pt-pt\/wp-json\/wp\/v2\/media?parent=467"}],"wp:term":[{"taxonomy":"category","embeddable":true,"href":"https:\/\/www.palladiohotelbuenosaires.com\/pt-pt\/wp-json\/wp\/v2\/categories?post=467"}],"curies":[{"name":"wp","href":"https:\/\/api.w.org\/{rel}","templated":true}]}}