{"id":466,"date":"2022-01-26T10:18:43","date_gmt":"2022-01-26T10:18:43","guid":{"rendered":"https:\/\/mgallerypalladiohotel.accorv2prod.decms.eu\/?page_id=466"},"modified":"2024-04-23T18:45:15","modified_gmt":"2024-04-23T18:45:15","slug":"boardroom-1","status":"publish","type":"page","link":"https:\/\/www.palladiohotelbuenosaires.com\/pt-pt\/reunioes-e-eventos\/boardroom-1\/","title":{"rendered":"Boardroom 1"},"content":{"rendered":"<p>Exclusiva sala com luz natural, com design para reuni\u00f5es que requeiram tranquilidade e intimidade em um espa\u00e7o reservado. Localizado no andar t\u00e9rreo do hotel, conta com foyer de ingresso, para promover conforto e fazer uma pausa da jornada de trabalho.<\/p>\n","protected":false},"excerpt":{"rendered":"<p>Exclusiva sala com luz natural, com design para reuni\u00f5es que requeiram tranquilidade e intimidade em um espa\u00e7o reservado. Localizado no andar t\u00e9rreo do hotel, conta com foyer de ingresso, para promover conforto e fazer uma pausa da jornada de trabalho.<\/p>\n","protected":false},"author":12,"featured_media":0,"parent":462,"menu_order":30,"comment_status":"closed","ping_status":"closed","template":"template-meeting-room.php","meta":{"footnotes":""},"categories":[],"class_list":["post-466","page","type-page","status-publish","hentry"],"acf":[],"yoast_head":"<!-- This site is optimized with the Yoast SEO plugin v26.9 - https:\/\/yoast.com\/product\/yoast-seo-wordpress\/ -->\n<title>Boardroom 1 &#183; Palladio Hotel Buenos Aires - MGallery Collection &#183;<\/title>\n<meta name=\"description\" content=\"Exclusiva sala com luz natural, com design para reuni\u00f5es que requeiram tranquilidade e intimidade em um espa\u00e7o reservado. Localizado no andar t\u00e9rreo do hotel, conta com foyer de ingresso, para promover conforto e fazer uma pausa da jornada de trabalho.\" \/>\n<meta name=\"robots\" content=\"index, follow, max-snippet:-1, max-image-preview:large, max-video-preview:-1\" \/>\n<link rel=\"canonical\" href=\"https:\/\/www.palladiohotelbuenosaires.com\/pt-pt\/reunioes-e-eventos\/boardroom-1\/\" \/>\n<meta property=\"og:locale\" content=\"pt_PT\" \/>\n<meta property=\"og:type\" content=\"article\" \/>\n<meta property=\"og:title\" content=\"Boardroom 1 &#183; Palladio Hotel Buenos Aires - MGallery Collection &#183;\" \/>\n<meta property=\"og:description\" content=\"Exclusiva sala com luz natural, com design para reuni\u00f5es que requeiram tranquilidade e intimidade em um espa\u00e7o reservado. Localizado no andar t\u00e9rreo do hotel, conta com foyer de ingresso, para promover conforto e fazer uma pausa da jornada de trabalho.\" \/>\n<meta property=\"og:url\" content=\"https:\/\/www.palladiohotelbuenosaires.com\/pt-pt\/reunioes-e-eventos\/boardroom-1\/\" \/>\n<meta property=\"og:site_name\" content=\"Palladio Hotel Buenos Aires - MGallery Collection\" \/>\n<meta property=\"article:modified_time\" content=\"2024-04-23T18:45:15+00:00\" \/>\n<meta name=\"twitter:card\" content=\"summary_large_image\" \/>\n<meta name=\"twitter:label1\" content=\"Tempo estimado de leitura\" \/>\n\t<meta name=\"twitter:data1\" content=\"1 minuto\" \/>\n<script type=\"application\/ld+json\" class=\"yoast-schema-graph\">{\"@context\":\"https:\/\/schema.org\",\"@graph\":[{\"@type\":\"WebPage\",\"@id\":\"https:\/\/www.palladiohotelbuenosaires.com\/pt-pt\/reunioes-e-eventos\/boardroom-1\/\",\"url\":\"https:\/\/www.palladiohotelbuenosaires.com\/pt-pt\/reunioes-e-eventos\/boardroom-1\/\",\"name\":\"Boardroom 1 &#183; Palladio Hotel Buenos Aires - MGallery Collection &#183;\",\"isPartOf\":{\"@id\":\"https:\/\/www.palladiohotelbuenosaires.com\/#website\"},\"datePublished\":\"2022-01-26T10:18:43+00:00\",\"dateModified\":\"2024-04-23T18:45:15+00:00\",\"description\":\"Exclusiva sala com luz natural, com design para reuni\u00f5es que requeiram tranquilidade e intimidade em um espa\u00e7o reservado. Localizado no andar t\u00e9rreo do hotel, conta com foyer de ingresso, para promover conforto e fazer uma pausa da jornada de trabalho.\",\"breadcrumb\":{\"@id\":\"https:\/\/www.palladiohotelbuenosaires.com\/pt-pt\/reunioes-e-eventos\/boardroom-1\/#breadcrumb\"},\"inLanguage\":\"pt-PT\",\"potentialAction\":[{\"@type\":\"ReadAction\",\"target\":[\"https:\/\/www.palladiohotelbuenosaires.com\/pt-pt\/reunioes-e-eventos\/boardroom-1\/\"]}]},{\"@type\":\"BreadcrumbList\",\"@id\":\"https:\/\/www.palladiohotelbuenosaires.com\/pt-pt\/reunioes-e-eventos\/boardroom-1\/#breadcrumb\",\"itemListElement\":[{\"@type\":\"ListItem\",\"position\":1,\"name\":\"Home\",\"item\":\"https:\/\/www.palladiohotelbuenosaires.com\/pt-pt\/\"},{\"@type\":\"ListItem\",\"position\":2,\"name\":\"Reuni\u00f5es e Eventos\",\"item\":\"https:\/\/www.palladiohotelbuenosaires.com\/pt-pt\/reunioes-e-eventos\/\"},{\"@type\":\"ListItem\",\"position\":3,\"name\":\"Boardroom 1\"}]},{\"@type\":\"WebSite\",\"@id\":\"https:\/\/www.palladiohotelbuenosaires.com\/#website\",\"url\":\"https:\/\/www.palladiohotelbuenosaires.com\/\",\"name\":\"Palladio Hotel Buenos Aires - MGallery Collection\",\"description\":\"Just another D-Edge Accor V2 Sites Hosting site\",\"potentialAction\":[{\"@type\":\"SearchAction\",\"target\":{\"@type\":\"EntryPoint\",\"urlTemplate\":\"https:\/\/www.palladiohotelbuenosaires.com\/?s={search_term_string}\"},\"query-input\":{\"@type\":\"PropertyValueSpecification\",\"valueRequired\":true,\"valueName\":\"search_term_string\"}}],\"inLanguage\":\"pt-PT\"}]}<\/script>\n<!-- \/ Yoast SEO plugin. -->","yoast_head_json":{"title":"Boardroom 1 &#183; Palladio Hotel Buenos Aires - MGallery Collection &#183;","description":"Exclusiva sala com luz natural, com design para reuni\u00f5es que requeiram tranquilidade e intimidade em um espa\u00e7o reservado. Localizado no andar t\u00e9rreo do hotel, conta com foyer de ingresso, para promover conforto e fazer uma pausa da jornada de trabalho.","robots":{"index":"index","follow":"follow","max-snippet":"max-snippet:-1","max-image-preview":"max-image-preview:large","max-video-preview":"max-video-preview:-1"},"canonical":"https:\/\/www.palladiohotelbuenosaires.com\/pt-pt\/reunioes-e-eventos\/boardroom-1\/","og_locale":"pt_PT","og_type":"article","og_title":"Boardroom 1 &#183; Palladio Hotel Buenos Aires - MGallery Collection &#183;","og_description":"Exclusiva sala com luz natural, com design para reuni\u00f5es que requeiram tranquilidade e intimidade em um espa\u00e7o reservado. Localizado no andar t\u00e9rreo do hotel, conta com foyer de ingresso, para promover conforto e fazer uma pausa da jornada de trabalho.","og_url":"https:\/\/www.palladiohotelbuenosaires.com\/pt-pt\/reunioes-e-eventos\/boardroom-1\/","og_site_name":"Palladio Hotel Buenos Aires - MGallery Collection","article_modified_time":"2024-04-23T18:45:15+00:00","twitter_card":"summary_large_image","twitter_misc":{"Tempo estimado de leitura":"1 minuto"},"schema":{"@context":"https:\/\/schema.org","@graph":[{"@type":"WebPage","@id":"https:\/\/www.palladiohotelbuenosaires.com\/pt-pt\/reunioes-e-eventos\/boardroom-1\/","url":"https:\/\/www.palladiohotelbuenosaires.com\/pt-pt\/reunioes-e-eventos\/boardroom-1\/","name":"Boardroom 1 &#183; Palladio Hotel Buenos Aires - MGallery Collection &#183;","isPartOf":{"@id":"https:\/\/www.palladiohotelbuenosaires.com\/#website"},"datePublished":"2022-01-26T10:18:43+00:00","dateModified":"2024-04-23T18:45:15+00:00","description":"Exclusiva sala com luz natural, com design para reuni\u00f5es que requeiram tranquilidade e intimidade em um espa\u00e7o reservado. Localizado no andar t\u00e9rreo do hotel, conta com foyer de ingresso, para promover conforto e fazer uma pausa da jornada de trabalho.","breadcrumb":{"@id":"https:\/\/www.palladiohotelbuenosaires.com\/pt-pt\/reunioes-e-eventos\/boardroom-1\/#breadcrumb"},"inLanguage":"pt-PT","potentialAction":[{"@type":"ReadAction","target":["https:\/\/www.palladiohotelbuenosaires.com\/pt-pt\/reunioes-e-eventos\/boardroom-1\/"]}]},{"@type":"BreadcrumbList","@id":"https:\/\/www.palladiohotelbuenosaires.com\/pt-pt\/reunioes-e-eventos\/boardroom-1\/#breadcrumb","itemListElement":[{"@type":"ListItem","position":1,"name":"Home","item":"https:\/\/www.palladiohotelbuenosaires.com\/pt-pt\/"},{"@type":"ListItem","position":2,"name":"Reuni\u00f5es e Eventos","item":"https:\/\/www.palladiohotelbuenosaires.com\/pt-pt\/reunioes-e-eventos\/"},{"@type":"ListItem","position":3,"name":"Boardroom 1"}]},{"@type":"WebSite","@id":"https:\/\/www.palladiohotelbuenosaires.com\/#website","url":"https:\/\/www.palladiohotelbuenosaires.com\/","name":"Palladio Hotel Buenos Aires - MGallery Collection","description":"Just another D-Edge Accor V2 Sites Hosting site","potentialAction":[{"@type":"SearchAction","target":{"@type":"EntryPoint","urlTemplate":"https:\/\/www.palladiohotelbuenosaires.com\/?s={search_term_string}"},"query-input":{"@type":"PropertyValueSpecification","valueRequired":true,"valueName":"search_term_string"}}],"inLanguage":"pt-PT"}]}},"_links":{"self":[{"href":"https:\/\/www.palladiohotelbuenosaires.com\/pt-pt\/wp-json\/wp\/v2\/pages\/466","targetHints":{"allow":["GET"]}}],"collection":[{"href":"https:\/\/www.palladiohotelbuenosaires.com\/pt-pt\/wp-json\/wp\/v2\/pages"}],"about":[{"href":"https:\/\/www.palladiohotelbuenosaires.com\/pt-pt\/wp-json\/wp\/v2\/types\/page"}],"author":[{"embeddable":true,"href":"https:\/\/www.palladiohotelbuenosaires.com\/pt-pt\/wp-json\/wp\/v2\/users\/12"}],"replies":[{"embeddable":true,"href":"https:\/\/www.palladiohotelbuenosaires.com\/pt-pt\/wp-json\/wp\/v2\/comments?post=466"}],"version-history":[{"count":0,"href":"https:\/\/www.palladiohotelbuenosaires.com\/pt-pt\/wp-json\/wp\/v2\/pages\/466\/revisions"}],"up":[{"embeddable":true,"href":"https:\/\/www.palladiohotelbuenosaires.com\/pt-pt\/wp-json\/wp\/v2\/pages\/462"}],"wp:attachment":[{"href":"https:\/\/www.palladiohotelbuenosaires.com\/pt-pt\/wp-json\/wp\/v2\/media?parent=466"}],"wp:term":[{"taxonomy":"category","embeddable":true,"href":"https:\/\/www.palladiohotelbuenosaires.com\/pt-pt\/wp-json\/wp\/v2\/categories?post=466"}],"curies":[{"name":"wp","href":"https:\/\/api.w.org\/{rel}","templated":true}]}}