{"id":464,"date":"2022-01-26T09:40:48","date_gmt":"2022-01-26T09:40:48","guid":{"rendered":"https:\/\/mgallerypalladiohotel.accorv2prod.decms.eu\/?page_id=464"},"modified":"2025-07-23T14:52:59","modified_gmt":"2025-07-23T14:52:59","slug":"rodriguez-pena","status":"publish","type":"page","link":"https:\/\/www.palladiohotelbuenosaires.com\/pt-pt\/reunioes-e-eventos\/rodriguez-pena\/","title":{"rendered":"Rodr\u00edguez Pe\u00f1a"},"content":{"rendered":"<p>Localizado no andar t\u00e9rreo do hotel, o sal\u00e3o Rodriguez Pe\u00f1a permite que voc\u00ea aproveite um ambiente aconchegante acompanhado de uma c\u00e1lida luz natural. Ideal para encontros sociais ou corporativos, pode-se utilizar tamb\u00e9m isoladamente ou conectado com o sal\u00e3o Pizzurno.<\/p>\n","protected":false},"excerpt":{"rendered":"<p>Localizado no andar t\u00e9rreo do hotel, o sal\u00e3o Rodriguez Pe\u00f1a permite que voc\u00ea aproveite um ambiente aconchegante acompanhado de uma c\u00e1lida luz natural. Ideal para encontros sociais ou corporativos, pode-se utilizar tamb\u00e9m isoladamente ou conectado com o sal\u00e3o Pizzurno.<\/p>\n","protected":false},"author":12,"featured_media":0,"parent":462,"menu_order":10,"comment_status":"closed","ping_status":"closed","template":"template-meeting-room.php","meta":{"footnotes":""},"categories":[],"class_list":["post-464","page","type-page","status-publish","hentry"],"acf":[],"yoast_head":"<!-- This site is optimized with the Yoast SEO plugin v26.9 - https:\/\/yoast.com\/product\/yoast-seo-wordpress\/ -->\n<title>Rodr\u00edguez Pe\u00f1a &#183; Palladio Hotel Buenos Aires - MGallery Collection &#183;<\/title>\n<meta name=\"description\" content=\"Localizado no andar t\u00e9rreo do hotel, o sal\u00e3o Rodriguez Pe\u00f1a permite que voc\u00ea aproveite um ambiente aconchegante acompanhado de uma c\u00e1lida luz natural. Ideal para encontros sociais ou corporativos, pode-se utilizar tamb\u00e9m isoladamente ou conectado com o sal\u00e3o Pizzurno.\" \/>\n<meta name=\"robots\" content=\"index, follow, max-snippet:-1, max-image-preview:large, max-video-preview:-1\" \/>\n<link rel=\"canonical\" href=\"https:\/\/www.palladiohotelbuenosaires.com\/pt-pt\/reunioes-e-eventos\/rodriguez-pena\/\" \/>\n<meta property=\"og:locale\" content=\"pt_PT\" \/>\n<meta property=\"og:type\" content=\"article\" \/>\n<meta property=\"og:title\" content=\"Rodr\u00edguez Pe\u00f1a &#183; Palladio Hotel Buenos Aires - MGallery Collection &#183;\" \/>\n<meta property=\"og:description\" content=\"Localizado no andar t\u00e9rreo do hotel, o sal\u00e3o Rodriguez Pe\u00f1a permite que voc\u00ea aproveite um ambiente aconchegante acompanhado de uma c\u00e1lida luz natural. Ideal para encontros sociais ou corporativos, pode-se utilizar tamb\u00e9m isoladamente ou conectado com o sal\u00e3o Pizzurno.\" \/>\n<meta property=\"og:url\" content=\"https:\/\/www.palladiohotelbuenosaires.com\/pt-pt\/reunioes-e-eventos\/rodriguez-pena\/\" \/>\n<meta property=\"og:site_name\" content=\"Palladio Hotel Buenos Aires - MGallery Collection\" \/>\n<meta property=\"article:modified_time\" content=\"2025-07-23T14:52:59+00:00\" \/>\n<meta name=\"twitter:card\" content=\"summary_large_image\" \/>\n<meta name=\"twitter:label1\" content=\"Tempo estimado de leitura\" \/>\n\t<meta name=\"twitter:data1\" content=\"1 minuto\" \/>\n<script type=\"application\/ld+json\" class=\"yoast-schema-graph\">{\"@context\":\"https:\/\/schema.org\",\"@graph\":[{\"@type\":\"WebPage\",\"@id\":\"https:\/\/www.palladiohotelbuenosaires.com\/pt-pt\/reunioes-e-eventos\/rodriguez-pena\/\",\"url\":\"https:\/\/www.palladiohotelbuenosaires.com\/pt-pt\/reunioes-e-eventos\/rodriguez-pena\/\",\"name\":\"Rodr\u00edguez Pe\u00f1a &#183; Palladio Hotel Buenos Aires - MGallery Collection &#183;\",\"isPartOf\":{\"@id\":\"https:\/\/www.palladiohotelbuenosaires.com\/#website\"},\"datePublished\":\"2022-01-26T09:40:48+00:00\",\"dateModified\":\"2025-07-23T14:52:59+00:00\",\"description\":\"Localizado no andar t\u00e9rreo do hotel, o sal\u00e3o Rodriguez Pe\u00f1a permite que voc\u00ea aproveite um ambiente aconchegante acompanhado de uma c\u00e1lida luz natural. Ideal para encontros sociais ou corporativos, pode-se utilizar tamb\u00e9m isoladamente ou conectado com o sal\u00e3o Pizzurno.\",\"breadcrumb\":{\"@id\":\"https:\/\/www.palladiohotelbuenosaires.com\/pt-pt\/reunioes-e-eventos\/rodriguez-pena\/#breadcrumb\"},\"inLanguage\":\"pt-PT\",\"potentialAction\":[{\"@type\":\"ReadAction\",\"target\":[\"https:\/\/www.palladiohotelbuenosaires.com\/pt-pt\/reunioes-e-eventos\/rodriguez-pena\/\"]}]},{\"@type\":\"BreadcrumbList\",\"@id\":\"https:\/\/www.palladiohotelbuenosaires.com\/pt-pt\/reunioes-e-eventos\/rodriguez-pena\/#breadcrumb\",\"itemListElement\":[{\"@type\":\"ListItem\",\"position\":1,\"name\":\"Home\",\"item\":\"https:\/\/www.palladiohotelbuenosaires.com\/pt-pt\/\"},{\"@type\":\"ListItem\",\"position\":2,\"name\":\"Reuni\u00f5es e Eventos\",\"item\":\"https:\/\/www.palladiohotelbuenosaires.com\/pt-pt\/reunioes-e-eventos\/\"},{\"@type\":\"ListItem\",\"position\":3,\"name\":\"Rodr\u00edguez Pe\u00f1a\"}]},{\"@type\":\"WebSite\",\"@id\":\"https:\/\/www.palladiohotelbuenosaires.com\/#website\",\"url\":\"https:\/\/www.palladiohotelbuenosaires.com\/\",\"name\":\"Palladio Hotel Buenos Aires - MGallery Collection\",\"description\":\"Just another D-Edge Accor V2 Sites Hosting site\",\"potentialAction\":[{\"@type\":\"SearchAction\",\"target\":{\"@type\":\"EntryPoint\",\"urlTemplate\":\"https:\/\/www.palladiohotelbuenosaires.com\/?s={search_term_string}\"},\"query-input\":{\"@type\":\"PropertyValueSpecification\",\"valueRequired\":true,\"valueName\":\"search_term_string\"}}],\"inLanguage\":\"pt-PT\"}]}<\/script>\n<!-- \/ Yoast SEO plugin. -->","yoast_head_json":{"title":"Rodr\u00edguez Pe\u00f1a &#183; Palladio Hotel Buenos Aires - MGallery Collection &#183;","description":"Localizado no andar t\u00e9rreo do hotel, o sal\u00e3o Rodriguez Pe\u00f1a permite que voc\u00ea aproveite um ambiente aconchegante acompanhado de uma c\u00e1lida luz natural. Ideal para encontros sociais ou corporativos, pode-se utilizar tamb\u00e9m isoladamente ou conectado com o sal\u00e3o Pizzurno.","robots":{"index":"index","follow":"follow","max-snippet":"max-snippet:-1","max-image-preview":"max-image-preview:large","max-video-preview":"max-video-preview:-1"},"canonical":"https:\/\/www.palladiohotelbuenosaires.com\/pt-pt\/reunioes-e-eventos\/rodriguez-pena\/","og_locale":"pt_PT","og_type":"article","og_title":"Rodr\u00edguez Pe\u00f1a &#183; Palladio Hotel Buenos Aires - MGallery Collection &#183;","og_description":"Localizado no andar t\u00e9rreo do hotel, o sal\u00e3o Rodriguez Pe\u00f1a permite que voc\u00ea aproveite um ambiente aconchegante acompanhado de uma c\u00e1lida luz natural. Ideal para encontros sociais ou corporativos, pode-se utilizar tamb\u00e9m isoladamente ou conectado com o sal\u00e3o Pizzurno.","og_url":"https:\/\/www.palladiohotelbuenosaires.com\/pt-pt\/reunioes-e-eventos\/rodriguez-pena\/","og_site_name":"Palladio Hotel Buenos Aires - MGallery Collection","article_modified_time":"2025-07-23T14:52:59+00:00","twitter_card":"summary_large_image","twitter_misc":{"Tempo estimado de leitura":"1 minuto"},"schema":{"@context":"https:\/\/schema.org","@graph":[{"@type":"WebPage","@id":"https:\/\/www.palladiohotelbuenosaires.com\/pt-pt\/reunioes-e-eventos\/rodriguez-pena\/","url":"https:\/\/www.palladiohotelbuenosaires.com\/pt-pt\/reunioes-e-eventos\/rodriguez-pena\/","name":"Rodr\u00edguez Pe\u00f1a &#183; Palladio Hotel Buenos Aires - MGallery Collection &#183;","isPartOf":{"@id":"https:\/\/www.palladiohotelbuenosaires.com\/#website"},"datePublished":"2022-01-26T09:40:48+00:00","dateModified":"2025-07-23T14:52:59+00:00","description":"Localizado no andar t\u00e9rreo do hotel, o sal\u00e3o Rodriguez Pe\u00f1a permite que voc\u00ea aproveite um ambiente aconchegante acompanhado de uma c\u00e1lida luz natural. Ideal para encontros sociais ou corporativos, pode-se utilizar tamb\u00e9m isoladamente ou conectado com o sal\u00e3o Pizzurno.","breadcrumb":{"@id":"https:\/\/www.palladiohotelbuenosaires.com\/pt-pt\/reunioes-e-eventos\/rodriguez-pena\/#breadcrumb"},"inLanguage":"pt-PT","potentialAction":[{"@type":"ReadAction","target":["https:\/\/www.palladiohotelbuenosaires.com\/pt-pt\/reunioes-e-eventos\/rodriguez-pena\/"]}]},{"@type":"BreadcrumbList","@id":"https:\/\/www.palladiohotelbuenosaires.com\/pt-pt\/reunioes-e-eventos\/rodriguez-pena\/#breadcrumb","itemListElement":[{"@type":"ListItem","position":1,"name":"Home","item":"https:\/\/www.palladiohotelbuenosaires.com\/pt-pt\/"},{"@type":"ListItem","position":2,"name":"Reuni\u00f5es e Eventos","item":"https:\/\/www.palladiohotelbuenosaires.com\/pt-pt\/reunioes-e-eventos\/"},{"@type":"ListItem","position":3,"name":"Rodr\u00edguez Pe\u00f1a"}]},{"@type":"WebSite","@id":"https:\/\/www.palladiohotelbuenosaires.com\/#website","url":"https:\/\/www.palladiohotelbuenosaires.com\/","name":"Palladio Hotel Buenos Aires - MGallery Collection","description":"Just another D-Edge Accor V2 Sites Hosting site","potentialAction":[{"@type":"SearchAction","target":{"@type":"EntryPoint","urlTemplate":"https:\/\/www.palladiohotelbuenosaires.com\/?s={search_term_string}"},"query-input":{"@type":"PropertyValueSpecification","valueRequired":true,"valueName":"search_term_string"}}],"inLanguage":"pt-PT"}]}},"_links":{"self":[{"href":"https:\/\/www.palladiohotelbuenosaires.com\/pt-pt\/wp-json\/wp\/v2\/pages\/464","targetHints":{"allow":["GET"]}}],"collection":[{"href":"https:\/\/www.palladiohotelbuenosaires.com\/pt-pt\/wp-json\/wp\/v2\/pages"}],"about":[{"href":"https:\/\/www.palladiohotelbuenosaires.com\/pt-pt\/wp-json\/wp\/v2\/types\/page"}],"author":[{"embeddable":true,"href":"https:\/\/www.palladiohotelbuenosaires.com\/pt-pt\/wp-json\/wp\/v2\/users\/12"}],"replies":[{"embeddable":true,"href":"https:\/\/www.palladiohotelbuenosaires.com\/pt-pt\/wp-json\/wp\/v2\/comments?post=464"}],"version-history":[{"count":0,"href":"https:\/\/www.palladiohotelbuenosaires.com\/pt-pt\/wp-json\/wp\/v2\/pages\/464\/revisions"}],"up":[{"embeddable":true,"href":"https:\/\/www.palladiohotelbuenosaires.com\/pt-pt\/wp-json\/wp\/v2\/pages\/462"}],"wp:attachment":[{"href":"https:\/\/www.palladiohotelbuenosaires.com\/pt-pt\/wp-json\/wp\/v2\/media?parent=464"}],"wp:term":[{"taxonomy":"category","embeddable":true,"href":"https:\/\/www.palladiohotelbuenosaires.com\/pt-pt\/wp-json\/wp\/v2\/categories?post=464"}],"curies":[{"name":"wp","href":"https:\/\/api.w.org\/{rel}","templated":true}]}}