{"id":462,"date":"2022-01-26T09:38:54","date_gmt":"2022-01-26T09:38:54","guid":{"rendered":"https:\/\/mgallerypalladiohotel.accorv2prod.decms.eu\/?page_id=462"},"modified":"2025-07-23T14:53:38","modified_gmt":"2025-07-23T14:53:38","slug":"reunioes-e-eventos","status":"publish","type":"page","link":"https:\/\/www.palladiohotelbuenosaires.com\/pt-pt\/reunioes-e-eventos\/","title":{"rendered":"Reuni\u00f5es e Eventos"},"content":{"rendered":"<p>Diga-nos o que voc\u00ea precisa, nossa equipe de Marketing e Vendas o ajudar\u00e1 a planej\u00e1-lo<\/p>\n<p>O Palladio Hotel oferece 2 elegantes sal\u00f5es para serem usados juntos ou divis\u00edveis, que se destacam por sua requintada boisserie, combinando o estilo cl\u00e1ssico com o conforto moderno. Ideal para encontros sociais ou empresariais, o sal\u00e3o principal oferece um ambiente aconchegante com teto envidra\u00e7ado e uma c\u00e1lida luz natural.<\/p>\n<p>Ambos os sal\u00f5es est\u00e3o abastecidos com equipamento visual, sonoro e de proje\u00e7\u00e3o de \u00faltima gera\u00e7\u00e3o para garantir o sucesso de seu evento.<\/p>\n","protected":false},"excerpt":{"rendered":"<p>Diga-nos o que voc\u00ea precisa, nossa equipe de Marketing e Vendas o ajudar\u00e1 a planej\u00e1-lo O Palladio Hotel oferece 2 elegantes sal\u00f5es para serem usados juntos ou divis\u00edveis, que se destacam por sua requintada boisserie, combinando o estilo cl\u00e1ssico com o conforto moderno. Ideal para encontros sociais ou empresariais, o sal\u00e3o principal oferece um ambiente [&hellip;]<\/p>\n","protected":false},"author":12,"featured_media":0,"parent":0,"menu_order":80,"comment_status":"closed","ping_status":"closed","template":"","meta":{"footnotes":""},"categories":[],"class_list":["post-462","page","type-page","status-publish","hentry"],"acf":[],"yoast_head":"<!-- This site is optimized with the Yoast SEO plugin v26.9 - https:\/\/yoast.com\/product\/yoast-seo-wordpress\/ -->\n<title>Reuni\u00f5es e Eventos &#183; Palladio Hotel Buenos Aires - MGallery Collection &#183;<\/title>\n<meta name=\"description\" content=\"Diga-nos o que voc\u00ea precisa, nossa equipe de Marketing e Vendas o ajudar\u00e1 a planej\u00e1-lo  O Palladio Hotel oferece 2 elegantes sal\u00f5es para serem usados juntos ou divis\u00edveis, que se destacam por sua requintada boisserie, combinando o estilo cl\u00e1ssico com o conforto moderno. Ideal para encontros sociais ou empresariais, o sal\u00e3o principal oferece um ambiente aconchegante com teto envidra\u00e7ado e uma c\u00e1lida luz natural.  Ambos os sal\u00f5es est\u00e3o abastecidos com equipamento visual, sonoro e de proje\u00e7\u00e3o de \u00faltima gera\u00e7\u00e3o para garantir o sucesso de seu evento.\" \/>\n<meta name=\"robots\" content=\"index, follow, max-snippet:-1, max-image-preview:large, max-video-preview:-1\" \/>\n<link rel=\"canonical\" href=\"https:\/\/www.palladiohotelbuenosaires.com\/pt-pt\/reunioes-e-eventos\/\" \/>\n<meta property=\"og:locale\" content=\"pt_PT\" \/>\n<meta property=\"og:type\" content=\"article\" \/>\n<meta property=\"og:title\" content=\"Reuni\u00f5es e Eventos &#183; Palladio Hotel Buenos Aires - MGallery Collection &#183;\" \/>\n<meta property=\"og:description\" content=\"Diga-nos o que voc\u00ea precisa, nossa equipe de Marketing e Vendas o ajudar\u00e1 a planej\u00e1-lo  O Palladio Hotel oferece 2 elegantes sal\u00f5es para serem usados juntos ou divis\u00edveis, que se destacam por sua requintada boisserie, combinando o estilo cl\u00e1ssico com o conforto moderno. Ideal para encontros sociais ou empresariais, o sal\u00e3o principal oferece um ambiente aconchegante com teto envidra\u00e7ado e uma c\u00e1lida luz natural.  Ambos os sal\u00f5es est\u00e3o abastecidos com equipamento visual, sonoro e de proje\u00e7\u00e3o de \u00faltima gera\u00e7\u00e3o para garantir o sucesso de seu evento.\" \/>\n<meta property=\"og:url\" content=\"https:\/\/www.palladiohotelbuenosaires.com\/pt-pt\/reunioes-e-eventos\/\" \/>\n<meta property=\"og:site_name\" content=\"Palladio Hotel Buenos Aires - MGallery Collection\" \/>\n<meta property=\"article:modified_time\" content=\"2025-07-23T14:53:38+00:00\" \/>\n<meta name=\"twitter:card\" content=\"summary_large_image\" \/>\n<meta name=\"twitter:label1\" content=\"Tempo estimado de leitura\" \/>\n\t<meta name=\"twitter:data1\" content=\"1 minuto\" \/>\n<script type=\"application\/ld+json\" class=\"yoast-schema-graph\">{\"@context\":\"https:\/\/schema.org\",\"@graph\":[{\"@type\":\"WebPage\",\"@id\":\"https:\/\/www.palladiohotelbuenosaires.com\/pt-pt\/reunioes-e-eventos\/\",\"url\":\"https:\/\/www.palladiohotelbuenosaires.com\/pt-pt\/reunioes-e-eventos\/\",\"name\":\"Reuni\u00f5es e Eventos &#183; Palladio Hotel Buenos Aires - MGallery Collection &#183;\",\"isPartOf\":{\"@id\":\"https:\/\/www.palladiohotelbuenosaires.com\/#website\"},\"datePublished\":\"2022-01-26T09:38:54+00:00\",\"dateModified\":\"2025-07-23T14:53:38+00:00\",\"description\":\"Diga-nos o que voc\u00ea precisa, nossa equipe de Marketing e Vendas o ajudar\u00e1 a planej\u00e1-lo O Palladio Hotel oferece 2 elegantes sal\u00f5es para serem usados juntos ou divis\u00edveis, que se destacam por sua requintada boisserie, combinando o estilo cl\u00e1ssico com o conforto moderno. Ideal para encontros sociais ou empresariais, o sal\u00e3o principal oferece um ambiente aconchegante com teto envidra\u00e7ado e uma c\u00e1lida luz natural. Ambos os sal\u00f5es est\u00e3o abastecidos com equipamento visual, sonoro e de proje\u00e7\u00e3o de \u00faltima gera\u00e7\u00e3o para garantir o sucesso de seu evento.\",\"breadcrumb\":{\"@id\":\"https:\/\/www.palladiohotelbuenosaires.com\/pt-pt\/reunioes-e-eventos\/#breadcrumb\"},\"inLanguage\":\"pt-PT\",\"potentialAction\":[{\"@type\":\"ReadAction\",\"target\":[\"https:\/\/www.palladiohotelbuenosaires.com\/pt-pt\/reunioes-e-eventos\/\"]}]},{\"@type\":\"BreadcrumbList\",\"@id\":\"https:\/\/www.palladiohotelbuenosaires.com\/pt-pt\/reunioes-e-eventos\/#breadcrumb\",\"itemListElement\":[{\"@type\":\"ListItem\",\"position\":1,\"name\":\"Home\",\"item\":\"https:\/\/www.palladiohotelbuenosaires.com\/pt-pt\/\"},{\"@type\":\"ListItem\",\"position\":2,\"name\":\"Reuni\u00f5es e Eventos\"}]},{\"@type\":\"WebSite\",\"@id\":\"https:\/\/www.palladiohotelbuenosaires.com\/#website\",\"url\":\"https:\/\/www.palladiohotelbuenosaires.com\/\",\"name\":\"Palladio Hotel Buenos Aires - MGallery Collection\",\"description\":\"Just another D-Edge Accor V2 Sites Hosting site\",\"potentialAction\":[{\"@type\":\"SearchAction\",\"target\":{\"@type\":\"EntryPoint\",\"urlTemplate\":\"https:\/\/www.palladiohotelbuenosaires.com\/?s={search_term_string}\"},\"query-input\":{\"@type\":\"PropertyValueSpecification\",\"valueRequired\":true,\"valueName\":\"search_term_string\"}}],\"inLanguage\":\"pt-PT\"}]}<\/script>\n<!-- \/ Yoast SEO plugin. -->","yoast_head_json":{"title":"Reuni\u00f5es e Eventos &#183; Palladio Hotel Buenos Aires - MGallery Collection &#183;","description":"Diga-nos o que voc\u00ea precisa, nossa equipe de Marketing e Vendas o ajudar\u00e1 a planej\u00e1-lo  O Palladio Hotel oferece 2 elegantes sal\u00f5es para serem usados juntos ou divis\u00edveis, que se destacam por sua requintada boisserie, combinando o estilo cl\u00e1ssico com o conforto moderno. Ideal para encontros sociais ou empresariais, o sal\u00e3o principal oferece um ambiente aconchegante com teto envidra\u00e7ado e uma c\u00e1lida luz natural.  Ambos os sal\u00f5es est\u00e3o abastecidos com equipamento visual, sonoro e de proje\u00e7\u00e3o de \u00faltima gera\u00e7\u00e3o para garantir o sucesso de seu evento.","robots":{"index":"index","follow":"follow","max-snippet":"max-snippet:-1","max-image-preview":"max-image-preview:large","max-video-preview":"max-video-preview:-1"},"canonical":"https:\/\/www.palladiohotelbuenosaires.com\/pt-pt\/reunioes-e-eventos\/","og_locale":"pt_PT","og_type":"article","og_title":"Reuni\u00f5es e Eventos &#183; Palladio Hotel Buenos Aires - MGallery Collection &#183;","og_description":"Diga-nos o que voc\u00ea precisa, nossa equipe de Marketing e Vendas o ajudar\u00e1 a planej\u00e1-lo  O Palladio Hotel oferece 2 elegantes sal\u00f5es para serem usados juntos ou divis\u00edveis, que se destacam por sua requintada boisserie, combinando o estilo cl\u00e1ssico com o conforto moderno. Ideal para encontros sociais ou empresariais, o sal\u00e3o principal oferece um ambiente aconchegante com teto envidra\u00e7ado e uma c\u00e1lida luz natural.  Ambos os sal\u00f5es est\u00e3o abastecidos com equipamento visual, sonoro e de proje\u00e7\u00e3o de \u00faltima gera\u00e7\u00e3o para garantir o sucesso de seu evento.","og_url":"https:\/\/www.palladiohotelbuenosaires.com\/pt-pt\/reunioes-e-eventos\/","og_site_name":"Palladio Hotel Buenos Aires - MGallery Collection","article_modified_time":"2025-07-23T14:53:38+00:00","twitter_card":"summary_large_image","twitter_misc":{"Tempo estimado de leitura":"1 minuto"},"schema":{"@context":"https:\/\/schema.org","@graph":[{"@type":"WebPage","@id":"https:\/\/www.palladiohotelbuenosaires.com\/pt-pt\/reunioes-e-eventos\/","url":"https:\/\/www.palladiohotelbuenosaires.com\/pt-pt\/reunioes-e-eventos\/","name":"Reuni\u00f5es e Eventos &#183; Palladio Hotel Buenos Aires - MGallery Collection &#183;","isPartOf":{"@id":"https:\/\/www.palladiohotelbuenosaires.com\/#website"},"datePublished":"2022-01-26T09:38:54+00:00","dateModified":"2025-07-23T14:53:38+00:00","description":"Diga-nos o que voc\u00ea precisa, nossa equipe de Marketing e Vendas o ajudar\u00e1 a planej\u00e1-lo O Palladio Hotel oferece 2 elegantes sal\u00f5es para serem usados juntos ou divis\u00edveis, que se destacam por sua requintada boisserie, combinando o estilo cl\u00e1ssico com o conforto moderno. Ideal para encontros sociais ou empresariais, o sal\u00e3o principal oferece um ambiente aconchegante com teto envidra\u00e7ado e uma c\u00e1lida luz natural. Ambos os sal\u00f5es est\u00e3o abastecidos com equipamento visual, sonoro e de proje\u00e7\u00e3o de \u00faltima gera\u00e7\u00e3o para garantir o sucesso de seu evento.","breadcrumb":{"@id":"https:\/\/www.palladiohotelbuenosaires.com\/pt-pt\/reunioes-e-eventos\/#breadcrumb"},"inLanguage":"pt-PT","potentialAction":[{"@type":"ReadAction","target":["https:\/\/www.palladiohotelbuenosaires.com\/pt-pt\/reunioes-e-eventos\/"]}]},{"@type":"BreadcrumbList","@id":"https:\/\/www.palladiohotelbuenosaires.com\/pt-pt\/reunioes-e-eventos\/#breadcrumb","itemListElement":[{"@type":"ListItem","position":1,"name":"Home","item":"https:\/\/www.palladiohotelbuenosaires.com\/pt-pt\/"},{"@type":"ListItem","position":2,"name":"Reuni\u00f5es e Eventos"}]},{"@type":"WebSite","@id":"https:\/\/www.palladiohotelbuenosaires.com\/#website","url":"https:\/\/www.palladiohotelbuenosaires.com\/","name":"Palladio Hotel Buenos Aires - MGallery Collection","description":"Just another D-Edge Accor V2 Sites Hosting site","potentialAction":[{"@type":"SearchAction","target":{"@type":"EntryPoint","urlTemplate":"https:\/\/www.palladiohotelbuenosaires.com\/?s={search_term_string}"},"query-input":{"@type":"PropertyValueSpecification","valueRequired":true,"valueName":"search_term_string"}}],"inLanguage":"pt-PT"}]}},"_links":{"self":[{"href":"https:\/\/www.palladiohotelbuenosaires.com\/pt-pt\/wp-json\/wp\/v2\/pages\/462","targetHints":{"allow":["GET"]}}],"collection":[{"href":"https:\/\/www.palladiohotelbuenosaires.com\/pt-pt\/wp-json\/wp\/v2\/pages"}],"about":[{"href":"https:\/\/www.palladiohotelbuenosaires.com\/pt-pt\/wp-json\/wp\/v2\/types\/page"}],"author":[{"embeddable":true,"href":"https:\/\/www.palladiohotelbuenosaires.com\/pt-pt\/wp-json\/wp\/v2\/users\/12"}],"replies":[{"embeddable":true,"href":"https:\/\/www.palladiohotelbuenosaires.com\/pt-pt\/wp-json\/wp\/v2\/comments?post=462"}],"version-history":[{"count":0,"href":"https:\/\/www.palladiohotelbuenosaires.com\/pt-pt\/wp-json\/wp\/v2\/pages\/462\/revisions"}],"wp:attachment":[{"href":"https:\/\/www.palladiohotelbuenosaires.com\/pt-pt\/wp-json\/wp\/v2\/media?parent=462"}],"wp:term":[{"taxonomy":"category","embeddable":true,"href":"https:\/\/www.palladiohotelbuenosaires.com\/pt-pt\/wp-json\/wp\/v2\/categories?post=462"}],"curies":[{"name":"wp","href":"https:\/\/api.w.org\/{rel}","templated":true}]}}