{"id":454,"date":"2022-01-26T09:17:54","date_gmt":"2022-01-26T09:17:54","guid":{"rendered":"https:\/\/mgallerypalladiohotel.accorv2prod.decms.eu\/?page_id=454"},"modified":"2022-01-26T09:21:04","modified_gmt":"2022-01-26T09:21:04","slug":"localizacao","status":"publish","type":"page","link":"https:\/\/www.palladiohotelbuenosaires.com\/pt-pt\/localizacao\/","title":{"rendered":"Localiza\u00e7\u00e3o"},"content":{"rendered":"<p>Localizado no tradicional bairro da Recoleta, perto do centro financeiro e das principais atra\u00e7\u00f5es tur\u00edsticas, o Palladio Hotel Buenos Aires \u00e9 o lugar perfeito para viagens de neg\u00f3cios ou de lazer.<\/p>\n","protected":false},"excerpt":{"rendered":"<p>Localizado no tradicional bairro da Recoleta, perto do centro financeiro e das principais atra\u00e7\u00f5es tur\u00edsticas, o Palladio Hotel Buenos Aires \u00e9 o lugar perfeito para viagens de neg\u00f3cios ou de lazer.<\/p>\n","protected":false},"author":12,"featured_media":0,"parent":0,"menu_order":40,"comment_status":"closed","ping_status":"closed","template":"template-location.php","meta":{"footnotes":""},"categories":[],"class_list":["post-454","page","type-page","status-publish","hentry"],"acf":[],"yoast_head":"<!-- This site is optimized with the Yoast SEO plugin v26.9 - https:\/\/yoast.com\/product\/yoast-seo-wordpress\/ -->\n<title>Localiza\u00e7\u00e3o &#183; Palladio Hotel Buenos Aires - MGallery Collection &#183;<\/title>\n<meta name=\"description\" content=\"Localizado no tradicional bairro da Recoleta, perto do centro financeiro e das principais atra\u00e7\u00f5es tur\u00edsticas, o Palladio Hotel Buenos Aires \u00e9 o lugar perfeito para viagens de neg\u00f3cios ou de lazer..\" \/>\n<meta name=\"robots\" content=\"index, follow, max-snippet:-1, max-image-preview:large, max-video-preview:-1\" \/>\n<link rel=\"canonical\" href=\"https:\/\/www.palladiohotelbuenosaires.com\/pt-pt\/localizacao\/\" \/>\n<meta property=\"og:locale\" content=\"pt_PT\" \/>\n<meta property=\"og:type\" content=\"article\" \/>\n<meta property=\"og:title\" content=\"Localiza\u00e7\u00e3o &#183; Palladio Hotel Buenos Aires - MGallery Collection &#183;\" \/>\n<meta property=\"og:description\" content=\"Localizado no tradicional bairro da Recoleta, perto do centro financeiro e das principais atra\u00e7\u00f5es tur\u00edsticas, o Palladio Hotel Buenos Aires \u00e9 o lugar perfeito para viagens de neg\u00f3cios ou de lazer..\" \/>\n<meta property=\"og:url\" content=\"https:\/\/www.palladiohotelbuenosaires.com\/pt-pt\/localizacao\/\" \/>\n<meta property=\"og:site_name\" content=\"Palladio Hotel Buenos Aires - MGallery Collection\" \/>\n<meta property=\"article:modified_time\" content=\"2022-01-26T09:21:04+00:00\" \/>\n<meta name=\"twitter:card\" content=\"summary_large_image\" \/>\n<meta name=\"twitter:label1\" content=\"Tempo estimado de leitura\" \/>\n\t<meta name=\"twitter:data1\" content=\"1 minuto\" \/>\n<script type=\"application\/ld+json\" class=\"yoast-schema-graph\">{\"@context\":\"https:\/\/schema.org\",\"@graph\":[{\"@type\":\"WebPage\",\"@id\":\"https:\/\/www.palladiohotelbuenosaires.com\/pt-pt\/localizacao\/\",\"url\":\"https:\/\/www.palladiohotelbuenosaires.com\/pt-pt\/localizacao\/\",\"name\":\"Localiza\u00e7\u00e3o &#183; Palladio Hotel Buenos Aires - MGallery Collection &#183;\",\"isPartOf\":{\"@id\":\"https:\/\/www.palladiohotelbuenosaires.com\/#website\"},\"datePublished\":\"2022-01-26T09:17:54+00:00\",\"dateModified\":\"2022-01-26T09:21:04+00:00\",\"description\":\"Localizado no tradicional bairro da Recoleta, perto do centro financeiro e das principais atra\u00e7\u00f5es tur\u00edsticas, o Palladio Hotel Buenos Aires \u00e9 o lugar perfeito para viagens de neg\u00f3cios ou de lazer..\",\"breadcrumb\":{\"@id\":\"https:\/\/www.palladiohotelbuenosaires.com\/pt-pt\/localizacao\/#breadcrumb\"},\"inLanguage\":\"pt-PT\",\"potentialAction\":[{\"@type\":\"ReadAction\",\"target\":[\"https:\/\/www.palladiohotelbuenosaires.com\/pt-pt\/localizacao\/\"]}]},{\"@type\":\"BreadcrumbList\",\"@id\":\"https:\/\/www.palladiohotelbuenosaires.com\/pt-pt\/localizacao\/#breadcrumb\",\"itemListElement\":[{\"@type\":\"ListItem\",\"position\":1,\"name\":\"Home\",\"item\":\"https:\/\/www.palladiohotelbuenosaires.com\/pt-pt\/\"},{\"@type\":\"ListItem\",\"position\":2,\"name\":\"Localiza\u00e7\u00e3o\"}]},{\"@type\":\"WebSite\",\"@id\":\"https:\/\/www.palladiohotelbuenosaires.com\/#website\",\"url\":\"https:\/\/www.palladiohotelbuenosaires.com\/\",\"name\":\"Palladio Hotel Buenos Aires - MGallery Collection\",\"description\":\"Just another D-Edge Accor V2 Sites Hosting site\",\"potentialAction\":[{\"@type\":\"SearchAction\",\"target\":{\"@type\":\"EntryPoint\",\"urlTemplate\":\"https:\/\/www.palladiohotelbuenosaires.com\/?s={search_term_string}\"},\"query-input\":{\"@type\":\"PropertyValueSpecification\",\"valueRequired\":true,\"valueName\":\"search_term_string\"}}],\"inLanguage\":\"pt-PT\"}]}<\/script>\n<!-- \/ Yoast SEO plugin. -->","yoast_head_json":{"title":"Localiza\u00e7\u00e3o &#183; Palladio Hotel Buenos Aires - MGallery Collection &#183;","description":"Localizado no tradicional bairro da Recoleta, perto do centro financeiro e das principais atra\u00e7\u00f5es tur\u00edsticas, o Palladio Hotel Buenos Aires \u00e9 o lugar perfeito para viagens de neg\u00f3cios ou de lazer..","robots":{"index":"index","follow":"follow","max-snippet":"max-snippet:-1","max-image-preview":"max-image-preview:large","max-video-preview":"max-video-preview:-1"},"canonical":"https:\/\/www.palladiohotelbuenosaires.com\/pt-pt\/localizacao\/","og_locale":"pt_PT","og_type":"article","og_title":"Localiza\u00e7\u00e3o &#183; Palladio Hotel Buenos Aires - MGallery Collection &#183;","og_description":"Localizado no tradicional bairro da Recoleta, perto do centro financeiro e das principais atra\u00e7\u00f5es tur\u00edsticas, o Palladio Hotel Buenos Aires \u00e9 o lugar perfeito para viagens de neg\u00f3cios ou de lazer..","og_url":"https:\/\/www.palladiohotelbuenosaires.com\/pt-pt\/localizacao\/","og_site_name":"Palladio Hotel Buenos Aires - MGallery Collection","article_modified_time":"2022-01-26T09:21:04+00:00","twitter_card":"summary_large_image","twitter_misc":{"Tempo estimado de leitura":"1 minuto"},"schema":{"@context":"https:\/\/schema.org","@graph":[{"@type":"WebPage","@id":"https:\/\/www.palladiohotelbuenosaires.com\/pt-pt\/localizacao\/","url":"https:\/\/www.palladiohotelbuenosaires.com\/pt-pt\/localizacao\/","name":"Localiza\u00e7\u00e3o &#183; Palladio Hotel Buenos Aires - MGallery Collection &#183;","isPartOf":{"@id":"https:\/\/www.palladiohotelbuenosaires.com\/#website"},"datePublished":"2022-01-26T09:17:54+00:00","dateModified":"2022-01-26T09:21:04+00:00","description":"Localizado no tradicional bairro da Recoleta, perto do centro financeiro e das principais atra\u00e7\u00f5es tur\u00edsticas, o Palladio Hotel Buenos Aires \u00e9 o lugar perfeito para viagens de neg\u00f3cios ou de lazer..","breadcrumb":{"@id":"https:\/\/www.palladiohotelbuenosaires.com\/pt-pt\/localizacao\/#breadcrumb"},"inLanguage":"pt-PT","potentialAction":[{"@type":"ReadAction","target":["https:\/\/www.palladiohotelbuenosaires.com\/pt-pt\/localizacao\/"]}]},{"@type":"BreadcrumbList","@id":"https:\/\/www.palladiohotelbuenosaires.com\/pt-pt\/localizacao\/#breadcrumb","itemListElement":[{"@type":"ListItem","position":1,"name":"Home","item":"https:\/\/www.palladiohotelbuenosaires.com\/pt-pt\/"},{"@type":"ListItem","position":2,"name":"Localiza\u00e7\u00e3o"}]},{"@type":"WebSite","@id":"https:\/\/www.palladiohotelbuenosaires.com\/#website","url":"https:\/\/www.palladiohotelbuenosaires.com\/","name":"Palladio Hotel Buenos Aires - MGallery Collection","description":"Just another D-Edge Accor V2 Sites Hosting site","potentialAction":[{"@type":"SearchAction","target":{"@type":"EntryPoint","urlTemplate":"https:\/\/www.palladiohotelbuenosaires.com\/?s={search_term_string}"},"query-input":{"@type":"PropertyValueSpecification","valueRequired":true,"valueName":"search_term_string"}}],"inLanguage":"pt-PT"}]}},"_links":{"self":[{"href":"https:\/\/www.palladiohotelbuenosaires.com\/pt-pt\/wp-json\/wp\/v2\/pages\/454","targetHints":{"allow":["GET"]}}],"collection":[{"href":"https:\/\/www.palladiohotelbuenosaires.com\/pt-pt\/wp-json\/wp\/v2\/pages"}],"about":[{"href":"https:\/\/www.palladiohotelbuenosaires.com\/pt-pt\/wp-json\/wp\/v2\/types\/page"}],"author":[{"embeddable":true,"href":"https:\/\/www.palladiohotelbuenosaires.com\/pt-pt\/wp-json\/wp\/v2\/users\/12"}],"replies":[{"embeddable":true,"href":"https:\/\/www.palladiohotelbuenosaires.com\/pt-pt\/wp-json\/wp\/v2\/comments?post=454"}],"version-history":[{"count":0,"href":"https:\/\/www.palladiohotelbuenosaires.com\/pt-pt\/wp-json\/wp\/v2\/pages\/454\/revisions"}],"wp:attachment":[{"href":"https:\/\/www.palladiohotelbuenosaires.com\/pt-pt\/wp-json\/wp\/v2\/media?parent=454"}],"wp:term":[{"taxonomy":"category","embeddable":true,"href":"https:\/\/www.palladiohotelbuenosaires.com\/pt-pt\/wp-json\/wp\/v2\/categories?post=454"}],"curies":[{"name":"wp","href":"https:\/\/api.w.org\/{rel}","templated":true}]}}