{"id":452,"date":"2022-01-26T08:44:51","date_gmt":"2022-01-26T08:44:51","guid":{"rendered":"https:\/\/mgallerypalladiohotel.accorv2prod.decms.eu\/?page_id=452"},"modified":"2022-01-26T09:16:34","modified_gmt":"2022-01-26T09:16:34","slug":"la-terrazza","status":"publish","type":"page","link":"https:\/\/www.palladiohotelbuenosaires.com\/pt-pt\/gastronomia\/la-terrazza\/","title":{"rendered":"La Terrazza"},"content":{"rendered":"<p>Descubra em La Terraza um espa\u00e7o exclusivo para relaxar e admirar o inesquec\u00edvel p\u00f4r-do-sol do 11\u00ba andar do hotel. Acompanhado de coquet\u00e9is inovadores ou uma ta\u00e7a de champanhe, e uma tentadora proposta gastron\u00f4mica de petiscos.<\/p>\n","protected":false},"excerpt":{"rendered":"<p>Descubra em La Terraza um espa\u00e7o exclusivo para relaxar e admirar o inesquec\u00edvel p\u00f4r-do-sol do 11\u00ba andar do hotel. Acompanhado de coquet\u00e9is inovadores ou uma ta\u00e7a de champanhe, e uma tentadora proposta gastron\u00f4mica de petiscos.<\/p>\n","protected":false},"author":12,"featured_media":0,"parent":444,"menu_order":30,"comment_status":"closed","ping_status":"closed","template":"template-restaurant.php","meta":{"footnotes":""},"categories":[25],"class_list":["post-452","page","type-page","status-publish","hentry","category-bar-da-piscina"],"acf":[],"yoast_head":"<!-- This site is optimized with the Yoast SEO plugin v26.9 - https:\/\/yoast.com\/product\/yoast-seo-wordpress\/ -->\n<title>La Terrazza &#183; Palladio Hotel Buenos Aires - MGallery Collection &#183;<\/title>\n<meta name=\"description\" content=\"Descubra em La Terraza um espa\u00e7o exclusivo para relaxar e admirar o inesquec\u00edvel p\u00f4r-do-sol do 11\u00ba andar do hotel. Acompanhado de coquet\u00e9is inovadores ou uma ta\u00e7a de champanhe, e uma tentadora proposta gastron\u00f4mica de petiscos.\" \/>\n<meta name=\"robots\" content=\"index, follow, max-snippet:-1, max-image-preview:large, max-video-preview:-1\" \/>\n<link rel=\"canonical\" href=\"https:\/\/www.palladiohotelbuenosaires.com\/pt-pt\/gastronomia\/la-terrazza\/\" \/>\n<meta property=\"og:locale\" content=\"pt_PT\" \/>\n<meta property=\"og:type\" content=\"article\" \/>\n<meta property=\"og:title\" content=\"La Terrazza &#183; Palladio Hotel Buenos Aires - MGallery Collection &#183;\" \/>\n<meta property=\"og:description\" content=\"Descubra em La Terraza um espa\u00e7o exclusivo para relaxar e admirar o inesquec\u00edvel p\u00f4r-do-sol do 11\u00ba andar do hotel. Acompanhado de coquet\u00e9is inovadores ou uma ta\u00e7a de champanhe, e uma tentadora proposta gastron\u00f4mica de petiscos.\" \/>\n<meta property=\"og:url\" content=\"https:\/\/www.palladiohotelbuenosaires.com\/pt-pt\/gastronomia\/la-terrazza\/\" \/>\n<meta property=\"og:site_name\" content=\"Palladio Hotel Buenos Aires - MGallery Collection\" \/>\n<meta property=\"article:modified_time\" content=\"2022-01-26T09:16:34+00:00\" \/>\n<meta name=\"twitter:card\" content=\"summary_large_image\" \/>\n<meta name=\"twitter:label1\" content=\"Tempo estimado de leitura\" \/>\n\t<meta name=\"twitter:data1\" content=\"1 minuto\" \/>\n<script type=\"application\/ld+json\" class=\"yoast-schema-graph\">{\"@context\":\"https:\/\/schema.org\",\"@graph\":[{\"@type\":\"WebPage\",\"@id\":\"https:\/\/www.palladiohotelbuenosaires.com\/pt-pt\/gastronomia\/la-terrazza\/\",\"url\":\"https:\/\/www.palladiohotelbuenosaires.com\/pt-pt\/gastronomia\/la-terrazza\/\",\"name\":\"La Terrazza &#183; Palladio Hotel Buenos Aires - MGallery Collection &#183;\",\"isPartOf\":{\"@id\":\"https:\/\/www.palladiohotelbuenosaires.com\/#website\"},\"datePublished\":\"2022-01-26T08:44:51+00:00\",\"dateModified\":\"2022-01-26T09:16:34+00:00\",\"description\":\"Descubra em La Terraza um espa\u00e7o exclusivo para relaxar e admirar o inesquec\u00edvel p\u00f4r-do-sol do 11\u00ba andar do hotel. Acompanhado de coquet\u00e9is inovadores ou uma ta\u00e7a de champanhe, e uma tentadora proposta gastron\u00f4mica de petiscos.\",\"breadcrumb\":{\"@id\":\"https:\/\/www.palladiohotelbuenosaires.com\/pt-pt\/gastronomia\/la-terrazza\/#breadcrumb\"},\"inLanguage\":\"pt-PT\",\"potentialAction\":[{\"@type\":\"ReadAction\",\"target\":[\"https:\/\/www.palladiohotelbuenosaires.com\/pt-pt\/gastronomia\/la-terrazza\/\"]}]},{\"@type\":\"BreadcrumbList\",\"@id\":\"https:\/\/www.palladiohotelbuenosaires.com\/pt-pt\/gastronomia\/la-terrazza\/#breadcrumb\",\"itemListElement\":[{\"@type\":\"ListItem\",\"position\":1,\"name\":\"Home\",\"item\":\"https:\/\/www.palladiohotelbuenosaires.com\/pt-pt\/\"},{\"@type\":\"ListItem\",\"position\":2,\"name\":\"Gastronomia\",\"item\":\"https:\/\/www.palladiohotelbuenosaires.com\/pt-pt\/gastronomia\/\"},{\"@type\":\"ListItem\",\"position\":3,\"name\":\"La Terrazza\"}]},{\"@type\":\"WebSite\",\"@id\":\"https:\/\/www.palladiohotelbuenosaires.com\/#website\",\"url\":\"https:\/\/www.palladiohotelbuenosaires.com\/\",\"name\":\"Palladio Hotel Buenos Aires - MGallery Collection\",\"description\":\"Just another D-Edge Accor V2 Sites Hosting site\",\"potentialAction\":[{\"@type\":\"SearchAction\",\"target\":{\"@type\":\"EntryPoint\",\"urlTemplate\":\"https:\/\/www.palladiohotelbuenosaires.com\/?s={search_term_string}\"},\"query-input\":{\"@type\":\"PropertyValueSpecification\",\"valueRequired\":true,\"valueName\":\"search_term_string\"}}],\"inLanguage\":\"pt-PT\"}]}<\/script>\n<!-- \/ Yoast SEO plugin. -->","yoast_head_json":{"title":"La Terrazza &#183; Palladio Hotel Buenos Aires - MGallery Collection &#183;","description":"Descubra em La Terraza um espa\u00e7o exclusivo para relaxar e admirar o inesquec\u00edvel p\u00f4r-do-sol do 11\u00ba andar do hotel. Acompanhado de coquet\u00e9is inovadores ou uma ta\u00e7a de champanhe, e uma tentadora proposta gastron\u00f4mica de petiscos.","robots":{"index":"index","follow":"follow","max-snippet":"max-snippet:-1","max-image-preview":"max-image-preview:large","max-video-preview":"max-video-preview:-1"},"canonical":"https:\/\/www.palladiohotelbuenosaires.com\/pt-pt\/gastronomia\/la-terrazza\/","og_locale":"pt_PT","og_type":"article","og_title":"La Terrazza &#183; Palladio Hotel Buenos Aires - MGallery Collection &#183;","og_description":"Descubra em La Terraza um espa\u00e7o exclusivo para relaxar e admirar o inesquec\u00edvel p\u00f4r-do-sol do 11\u00ba andar do hotel. Acompanhado de coquet\u00e9is inovadores ou uma ta\u00e7a de champanhe, e uma tentadora proposta gastron\u00f4mica de petiscos.","og_url":"https:\/\/www.palladiohotelbuenosaires.com\/pt-pt\/gastronomia\/la-terrazza\/","og_site_name":"Palladio Hotel Buenos Aires - MGallery Collection","article_modified_time":"2022-01-26T09:16:34+00:00","twitter_card":"summary_large_image","twitter_misc":{"Tempo estimado de leitura":"1 minuto"},"schema":{"@context":"https:\/\/schema.org","@graph":[{"@type":"WebPage","@id":"https:\/\/www.palladiohotelbuenosaires.com\/pt-pt\/gastronomia\/la-terrazza\/","url":"https:\/\/www.palladiohotelbuenosaires.com\/pt-pt\/gastronomia\/la-terrazza\/","name":"La Terrazza &#183; Palladio Hotel Buenos Aires - MGallery Collection &#183;","isPartOf":{"@id":"https:\/\/www.palladiohotelbuenosaires.com\/#website"},"datePublished":"2022-01-26T08:44:51+00:00","dateModified":"2022-01-26T09:16:34+00:00","description":"Descubra em La Terraza um espa\u00e7o exclusivo para relaxar e admirar o inesquec\u00edvel p\u00f4r-do-sol do 11\u00ba andar do hotel. Acompanhado de coquet\u00e9is inovadores ou uma ta\u00e7a de champanhe, e uma tentadora proposta gastron\u00f4mica de petiscos.","breadcrumb":{"@id":"https:\/\/www.palladiohotelbuenosaires.com\/pt-pt\/gastronomia\/la-terrazza\/#breadcrumb"},"inLanguage":"pt-PT","potentialAction":[{"@type":"ReadAction","target":["https:\/\/www.palladiohotelbuenosaires.com\/pt-pt\/gastronomia\/la-terrazza\/"]}]},{"@type":"BreadcrumbList","@id":"https:\/\/www.palladiohotelbuenosaires.com\/pt-pt\/gastronomia\/la-terrazza\/#breadcrumb","itemListElement":[{"@type":"ListItem","position":1,"name":"Home","item":"https:\/\/www.palladiohotelbuenosaires.com\/pt-pt\/"},{"@type":"ListItem","position":2,"name":"Gastronomia","item":"https:\/\/www.palladiohotelbuenosaires.com\/pt-pt\/gastronomia\/"},{"@type":"ListItem","position":3,"name":"La Terrazza"}]},{"@type":"WebSite","@id":"https:\/\/www.palladiohotelbuenosaires.com\/#website","url":"https:\/\/www.palladiohotelbuenosaires.com\/","name":"Palladio Hotel Buenos Aires - MGallery Collection","description":"Just another D-Edge Accor V2 Sites Hosting site","potentialAction":[{"@type":"SearchAction","target":{"@type":"EntryPoint","urlTemplate":"https:\/\/www.palladiohotelbuenosaires.com\/?s={search_term_string}"},"query-input":{"@type":"PropertyValueSpecification","valueRequired":true,"valueName":"search_term_string"}}],"inLanguage":"pt-PT"}]}},"_links":{"self":[{"href":"https:\/\/www.palladiohotelbuenosaires.com\/pt-pt\/wp-json\/wp\/v2\/pages\/452","targetHints":{"allow":["GET"]}}],"collection":[{"href":"https:\/\/www.palladiohotelbuenosaires.com\/pt-pt\/wp-json\/wp\/v2\/pages"}],"about":[{"href":"https:\/\/www.palladiohotelbuenosaires.com\/pt-pt\/wp-json\/wp\/v2\/types\/page"}],"author":[{"embeddable":true,"href":"https:\/\/www.palladiohotelbuenosaires.com\/pt-pt\/wp-json\/wp\/v2\/users\/12"}],"replies":[{"embeddable":true,"href":"https:\/\/www.palladiohotelbuenosaires.com\/pt-pt\/wp-json\/wp\/v2\/comments?post=452"}],"version-history":[{"count":0,"href":"https:\/\/www.palladiohotelbuenosaires.com\/pt-pt\/wp-json\/wp\/v2\/pages\/452\/revisions"}],"up":[{"embeddable":true,"href":"https:\/\/www.palladiohotelbuenosaires.com\/pt-pt\/wp-json\/wp\/v2\/pages\/444"}],"wp:attachment":[{"href":"https:\/\/www.palladiohotelbuenosaires.com\/pt-pt\/wp-json\/wp\/v2\/media?parent=452"}],"wp:term":[{"taxonomy":"category","embeddable":true,"href":"https:\/\/www.palladiohotelbuenosaires.com\/pt-pt\/wp-json\/wp\/v2\/categories?post=452"}],"curies":[{"name":"wp","href":"https:\/\/api.w.org\/{rel}","templated":true}]}}