{"id":451,"date":"2022-01-26T08:38:14","date_gmt":"2022-01-26T08:38:14","guid":{"rendered":"https:\/\/mgallerypalladiohotel.accorv2prod.decms.eu\/?page_id=451"},"modified":"2022-01-26T09:15:11","modified_gmt":"2022-01-26T09:15:11","slug":"negresco-bar","status":"publish","type":"page","link":"https:\/\/www.palladiohotelbuenosaires.com\/pt-pt\/gastronomia\/negresco-bar\/","title":{"rendered":"Negresco Bar"},"content":{"rendered":"<p>No Negresco Bar voc\u00ea encontrar\u00e1 o lugar perfeito para degustar coquet\u00e9is inovadores de autor acompanhados de um extenso card\u00e1pio com os melhores vinhos argentinos. Estilo elegante e moderno, desfrute deste espa\u00e7o \u00fanico e exclusivo na cidade.<\/p>\n","protected":false},"excerpt":{"rendered":"<p>No Negresco Bar voc\u00ea encontrar\u00e1 o lugar perfeito para degustar coquet\u00e9is inovadores de autor acompanhados de um extenso card\u00e1pio com os melhores vinhos argentinos. Estilo elegante e moderno, desfrute deste espa\u00e7o \u00fanico e exclusivo na cidade.<\/p>\n","protected":false},"author":12,"featured_media":0,"parent":444,"menu_order":20,"comment_status":"closed","ping_status":"closed","template":"template-restaurant.php","meta":{"footnotes":""},"categories":[24],"class_list":["post-451","page","type-page","status-publish","hentry","category-bar-pt-pt"],"acf":[],"yoast_head":"<!-- This site is optimized with the Yoast SEO plugin v26.9 - https:\/\/yoast.com\/product\/yoast-seo-wordpress\/ -->\n<title>Negresco Bar &#183; Palladio Hotel Buenos Aires - MGallery Collection &#183;<\/title>\n<meta name=\"description\" content=\"No Negresco Bar voc\u00ea encontrar\u00e1 o lugar perfeito para degustar coquet\u00e9is inovadores de autor acompanhados de um extenso card\u00e1pio com os melhores vinhos argentinos. Estilo elegante e moderno, desfrute deste espa\u00e7o \u00fanico e exclusivo na cidade.\" \/>\n<meta name=\"robots\" content=\"index, follow, max-snippet:-1, max-image-preview:large, max-video-preview:-1\" \/>\n<link rel=\"canonical\" href=\"https:\/\/www.palladiohotelbuenosaires.com\/pt-pt\/gastronomia\/negresco-bar\/\" \/>\n<meta property=\"og:locale\" content=\"pt_PT\" \/>\n<meta property=\"og:type\" content=\"article\" \/>\n<meta property=\"og:title\" content=\"Negresco Bar &#183; Palladio Hotel Buenos Aires - MGallery Collection &#183;\" \/>\n<meta property=\"og:description\" content=\"No Negresco Bar voc\u00ea encontrar\u00e1 o lugar perfeito para degustar coquet\u00e9is inovadores de autor acompanhados de um extenso card\u00e1pio com os melhores vinhos argentinos. Estilo elegante e moderno, desfrute deste espa\u00e7o \u00fanico e exclusivo na cidade.\" \/>\n<meta property=\"og:url\" content=\"https:\/\/www.palladiohotelbuenosaires.com\/pt-pt\/gastronomia\/negresco-bar\/\" \/>\n<meta property=\"og:site_name\" content=\"Palladio Hotel Buenos Aires - MGallery Collection\" \/>\n<meta property=\"article:modified_time\" content=\"2022-01-26T09:15:11+00:00\" \/>\n<meta name=\"twitter:card\" content=\"summary_large_image\" \/>\n<meta name=\"twitter:label1\" content=\"Tempo estimado de leitura\" \/>\n\t<meta name=\"twitter:data1\" content=\"1 minuto\" \/>\n<script type=\"application\/ld+json\" class=\"yoast-schema-graph\">{\"@context\":\"https:\/\/schema.org\",\"@graph\":[{\"@type\":\"WebPage\",\"@id\":\"https:\/\/www.palladiohotelbuenosaires.com\/pt-pt\/gastronomia\/negresco-bar\/\",\"url\":\"https:\/\/www.palladiohotelbuenosaires.com\/pt-pt\/gastronomia\/negresco-bar\/\",\"name\":\"Negresco Bar &#183; Palladio Hotel Buenos Aires - MGallery Collection &#183;\",\"isPartOf\":{\"@id\":\"https:\/\/www.palladiohotelbuenosaires.com\/#website\"},\"datePublished\":\"2022-01-26T08:38:14+00:00\",\"dateModified\":\"2022-01-26T09:15:11+00:00\",\"description\":\"No Negresco Bar voc\u00ea encontrar\u00e1 o lugar perfeito para degustar coquet\u00e9is inovadores de autor acompanhados de um extenso card\u00e1pio com os melhores vinhos argentinos. Estilo elegante e moderno, desfrute deste espa\u00e7o \u00fanico e exclusivo na cidade.\",\"breadcrumb\":{\"@id\":\"https:\/\/www.palladiohotelbuenosaires.com\/pt-pt\/gastronomia\/negresco-bar\/#breadcrumb\"},\"inLanguage\":\"pt-PT\",\"potentialAction\":[{\"@type\":\"ReadAction\",\"target\":[\"https:\/\/www.palladiohotelbuenosaires.com\/pt-pt\/gastronomia\/negresco-bar\/\"]}]},{\"@type\":\"BreadcrumbList\",\"@id\":\"https:\/\/www.palladiohotelbuenosaires.com\/pt-pt\/gastronomia\/negresco-bar\/#breadcrumb\",\"itemListElement\":[{\"@type\":\"ListItem\",\"position\":1,\"name\":\"Home\",\"item\":\"https:\/\/www.palladiohotelbuenosaires.com\/pt-pt\/\"},{\"@type\":\"ListItem\",\"position\":2,\"name\":\"Gastronomia\",\"item\":\"https:\/\/www.palladiohotelbuenosaires.com\/pt-pt\/gastronomia\/\"},{\"@type\":\"ListItem\",\"position\":3,\"name\":\"Negresco Bar\"}]},{\"@type\":\"WebSite\",\"@id\":\"https:\/\/www.palladiohotelbuenosaires.com\/#website\",\"url\":\"https:\/\/www.palladiohotelbuenosaires.com\/\",\"name\":\"Palladio Hotel Buenos Aires - MGallery Collection\",\"description\":\"Just another D-Edge Accor V2 Sites Hosting site\",\"potentialAction\":[{\"@type\":\"SearchAction\",\"target\":{\"@type\":\"EntryPoint\",\"urlTemplate\":\"https:\/\/www.palladiohotelbuenosaires.com\/?s={search_term_string}\"},\"query-input\":{\"@type\":\"PropertyValueSpecification\",\"valueRequired\":true,\"valueName\":\"search_term_string\"}}],\"inLanguage\":\"pt-PT\"}]}<\/script>\n<!-- \/ Yoast SEO plugin. -->","yoast_head_json":{"title":"Negresco Bar &#183; Palladio Hotel Buenos Aires - MGallery Collection &#183;","description":"No Negresco Bar voc\u00ea encontrar\u00e1 o lugar perfeito para degustar coquet\u00e9is inovadores de autor acompanhados de um extenso card\u00e1pio com os melhores vinhos argentinos. Estilo elegante e moderno, desfrute deste espa\u00e7o \u00fanico e exclusivo na cidade.","robots":{"index":"index","follow":"follow","max-snippet":"max-snippet:-1","max-image-preview":"max-image-preview:large","max-video-preview":"max-video-preview:-1"},"canonical":"https:\/\/www.palladiohotelbuenosaires.com\/pt-pt\/gastronomia\/negresco-bar\/","og_locale":"pt_PT","og_type":"article","og_title":"Negresco Bar &#183; Palladio Hotel Buenos Aires - MGallery Collection &#183;","og_description":"No Negresco Bar voc\u00ea encontrar\u00e1 o lugar perfeito para degustar coquet\u00e9is inovadores de autor acompanhados de um extenso card\u00e1pio com os melhores vinhos argentinos. Estilo elegante e moderno, desfrute deste espa\u00e7o \u00fanico e exclusivo na cidade.","og_url":"https:\/\/www.palladiohotelbuenosaires.com\/pt-pt\/gastronomia\/negresco-bar\/","og_site_name":"Palladio Hotel Buenos Aires - MGallery Collection","article_modified_time":"2022-01-26T09:15:11+00:00","twitter_card":"summary_large_image","twitter_misc":{"Tempo estimado de leitura":"1 minuto"},"schema":{"@context":"https:\/\/schema.org","@graph":[{"@type":"WebPage","@id":"https:\/\/www.palladiohotelbuenosaires.com\/pt-pt\/gastronomia\/negresco-bar\/","url":"https:\/\/www.palladiohotelbuenosaires.com\/pt-pt\/gastronomia\/negresco-bar\/","name":"Negresco Bar &#183; Palladio Hotel Buenos Aires - MGallery Collection &#183;","isPartOf":{"@id":"https:\/\/www.palladiohotelbuenosaires.com\/#website"},"datePublished":"2022-01-26T08:38:14+00:00","dateModified":"2022-01-26T09:15:11+00:00","description":"No Negresco Bar voc\u00ea encontrar\u00e1 o lugar perfeito para degustar coquet\u00e9is inovadores de autor acompanhados de um extenso card\u00e1pio com os melhores vinhos argentinos. Estilo elegante e moderno, desfrute deste espa\u00e7o \u00fanico e exclusivo na cidade.","breadcrumb":{"@id":"https:\/\/www.palladiohotelbuenosaires.com\/pt-pt\/gastronomia\/negresco-bar\/#breadcrumb"},"inLanguage":"pt-PT","potentialAction":[{"@type":"ReadAction","target":["https:\/\/www.palladiohotelbuenosaires.com\/pt-pt\/gastronomia\/negresco-bar\/"]}]},{"@type":"BreadcrumbList","@id":"https:\/\/www.palladiohotelbuenosaires.com\/pt-pt\/gastronomia\/negresco-bar\/#breadcrumb","itemListElement":[{"@type":"ListItem","position":1,"name":"Home","item":"https:\/\/www.palladiohotelbuenosaires.com\/pt-pt\/"},{"@type":"ListItem","position":2,"name":"Gastronomia","item":"https:\/\/www.palladiohotelbuenosaires.com\/pt-pt\/gastronomia\/"},{"@type":"ListItem","position":3,"name":"Negresco Bar"}]},{"@type":"WebSite","@id":"https:\/\/www.palladiohotelbuenosaires.com\/#website","url":"https:\/\/www.palladiohotelbuenosaires.com\/","name":"Palladio Hotel Buenos Aires - MGallery Collection","description":"Just another D-Edge Accor V2 Sites Hosting site","potentialAction":[{"@type":"SearchAction","target":{"@type":"EntryPoint","urlTemplate":"https:\/\/www.palladiohotelbuenosaires.com\/?s={search_term_string}"},"query-input":{"@type":"PropertyValueSpecification","valueRequired":true,"valueName":"search_term_string"}}],"inLanguage":"pt-PT"}]}},"_links":{"self":[{"href":"https:\/\/www.palladiohotelbuenosaires.com\/pt-pt\/wp-json\/wp\/v2\/pages\/451","targetHints":{"allow":["GET"]}}],"collection":[{"href":"https:\/\/www.palladiohotelbuenosaires.com\/pt-pt\/wp-json\/wp\/v2\/pages"}],"about":[{"href":"https:\/\/www.palladiohotelbuenosaires.com\/pt-pt\/wp-json\/wp\/v2\/types\/page"}],"author":[{"embeddable":true,"href":"https:\/\/www.palladiohotelbuenosaires.com\/pt-pt\/wp-json\/wp\/v2\/users\/12"}],"replies":[{"embeddable":true,"href":"https:\/\/www.palladiohotelbuenosaires.com\/pt-pt\/wp-json\/wp\/v2\/comments?post=451"}],"version-history":[{"count":0,"href":"https:\/\/www.palladiohotelbuenosaires.com\/pt-pt\/wp-json\/wp\/v2\/pages\/451\/revisions"}],"up":[{"embeddable":true,"href":"https:\/\/www.palladiohotelbuenosaires.com\/pt-pt\/wp-json\/wp\/v2\/pages\/444"}],"wp:attachment":[{"href":"https:\/\/www.palladiohotelbuenosaires.com\/pt-pt\/wp-json\/wp\/v2\/media?parent=451"}],"wp:term":[{"taxonomy":"category","embeddable":true,"href":"https:\/\/www.palladiohotelbuenosaires.com\/pt-pt\/wp-json\/wp\/v2\/categories?post=451"}],"curies":[{"name":"wp","href":"https:\/\/api.w.org\/{rel}","templated":true}]}}