{"id":445,"date":"2022-01-25T17:58:31","date_gmt":"2022-01-25T17:58:31","guid":{"rendered":"https:\/\/mgallerypalladiohotel.accorv2prod.decms.eu\/?page_id=445"},"modified":"2022-01-25T18:05:25","modified_gmt":"2022-01-25T18:05:25","slug":"negresco-bistro","status":"publish","type":"page","link":"https:\/\/www.palladiohotelbuenosaires.com\/pt-pt\/gastronomia\/negresco-bistro\/","title":{"rendered":"Negresco Bistr\u00f3"},"content":{"rendered":"<p>Aproveite um ambiente m\u00e1gico no Negresco Bistr\u00f3, com um estilo moderno e elegante. Os comensais s\u00e3o agasalhados com uma cozinha Mediterr\u00e2nea requintada e um inovador card\u00e1pio sazonal, acompanhado por uma excepcional carta de vinhos. O caf\u00e9 da manh\u00e3 tamb\u00e9m \u00e9 servido no restaurante.desayuno tambi\u00e9n se sirve en el restaurant.<\/p>\n","protected":false},"excerpt":{"rendered":"<p>Aproveite um ambiente m\u00e1gico no Negresco Bistr\u00f3, com um estilo moderno e elegante. Os comensais s\u00e3o agasalhados com uma cozinha Mediterr\u00e2nea requintada e um inovador card\u00e1pio sazonal, acompanhado por uma excepcional carta de vinhos. O caf\u00e9 da manh\u00e3 tamb\u00e9m \u00e9 servido no restaurante.desayuno tambi\u00e9n se sirve en el restaurant.<\/p>\n","protected":false},"author":12,"featured_media":0,"parent":444,"menu_order":10,"comment_status":"closed","ping_status":"closed","template":"template-restaurant.php","meta":{"footnotes":""},"categories":[23],"class_list":["post-445","page","type-page","status-publish","hentry","category-restaurante-de-cozinha-mediterranea"],"acf":[],"yoast_head":"<!-- This site is optimized with the Yoast SEO plugin v26.9 - https:\/\/yoast.com\/product\/yoast-seo-wordpress\/ -->\n<title>Negresco Bistr\u00f3 &#183; Palladio Hotel Buenos Aires - MGallery Collection &#183;<\/title>\n<meta name=\"description\" content=\"Aproveite um ambiente m\u00e1gico no Negresco Bistr\u00f3, com um estilo moderno e elegante. Os comensais s\u00e3o agasalhados com uma cozinha Mediterr\u00e2nea requintada e um inovador card\u00e1pio sazonal, acompanhado por uma excepcional carta de vinhos\" \/>\n<meta name=\"robots\" content=\"index, follow, max-snippet:-1, max-image-preview:large, max-video-preview:-1\" \/>\n<link rel=\"canonical\" href=\"https:\/\/www.palladiohotelbuenosaires.com\/pt-pt\/gastronomia\/negresco-bistro\/\" \/>\n<meta property=\"og:locale\" content=\"pt_PT\" \/>\n<meta property=\"og:type\" content=\"article\" \/>\n<meta property=\"og:title\" content=\"Negresco Bistr\u00f3 &#183; Palladio Hotel Buenos Aires - MGallery Collection &#183;\" \/>\n<meta property=\"og:description\" content=\"Aproveite um ambiente m\u00e1gico no Negresco Bistr\u00f3, com um estilo moderno e elegante. Os comensais s\u00e3o agasalhados com uma cozinha Mediterr\u00e2nea requintada e um inovador card\u00e1pio sazonal, acompanhado por uma excepcional carta de vinhos\" \/>\n<meta property=\"og:url\" content=\"https:\/\/www.palladiohotelbuenosaires.com\/pt-pt\/gastronomia\/negresco-bistro\/\" \/>\n<meta property=\"og:site_name\" content=\"Palladio Hotel Buenos Aires - MGallery Collection\" \/>\n<meta property=\"article:modified_time\" content=\"2022-01-25T18:05:25+00:00\" \/>\n<meta name=\"twitter:card\" content=\"summary_large_image\" \/>\n<meta name=\"twitter:label1\" content=\"Tempo estimado de leitura\" \/>\n\t<meta name=\"twitter:data1\" content=\"1 minuto\" \/>\n<script type=\"application\/ld+json\" class=\"yoast-schema-graph\">{\"@context\":\"https:\/\/schema.org\",\"@graph\":[{\"@type\":\"WebPage\",\"@id\":\"https:\/\/www.palladiohotelbuenosaires.com\/pt-pt\/gastronomia\/negresco-bistro\/\",\"url\":\"https:\/\/www.palladiohotelbuenosaires.com\/pt-pt\/gastronomia\/negresco-bistro\/\",\"name\":\"Negresco Bistr\u00f3 &#183; Palladio Hotel Buenos Aires - MGallery Collection &#183;\",\"isPartOf\":{\"@id\":\"https:\/\/www.palladiohotelbuenosaires.com\/#website\"},\"datePublished\":\"2022-01-25T17:58:31+00:00\",\"dateModified\":\"2022-01-25T18:05:25+00:00\",\"description\":\"Aproveite um ambiente m\u00e1gico no Negresco Bistr\u00f3, com um estilo moderno e elegante. Os comensais s\u00e3o agasalhados com uma cozinha Mediterr\u00e2nea requintada e um inovador card\u00e1pio sazonal, acompanhado por uma excepcional carta de vinhos\",\"breadcrumb\":{\"@id\":\"https:\/\/www.palladiohotelbuenosaires.com\/pt-pt\/gastronomia\/negresco-bistro\/#breadcrumb\"},\"inLanguage\":\"pt-PT\",\"potentialAction\":[{\"@type\":\"ReadAction\",\"target\":[\"https:\/\/www.palladiohotelbuenosaires.com\/pt-pt\/gastronomia\/negresco-bistro\/\"]}]},{\"@type\":\"BreadcrumbList\",\"@id\":\"https:\/\/www.palladiohotelbuenosaires.com\/pt-pt\/gastronomia\/negresco-bistro\/#breadcrumb\",\"itemListElement\":[{\"@type\":\"ListItem\",\"position\":1,\"name\":\"Home\",\"item\":\"https:\/\/www.palladiohotelbuenosaires.com\/pt-pt\/\"},{\"@type\":\"ListItem\",\"position\":2,\"name\":\"Gastronomia\",\"item\":\"https:\/\/www.palladiohotelbuenosaires.com\/pt-pt\/gastronomia\/\"},{\"@type\":\"ListItem\",\"position\":3,\"name\":\"Negresco Bistr\u00f3\"}]},{\"@type\":\"WebSite\",\"@id\":\"https:\/\/www.palladiohotelbuenosaires.com\/#website\",\"url\":\"https:\/\/www.palladiohotelbuenosaires.com\/\",\"name\":\"Palladio Hotel Buenos Aires - MGallery Collection\",\"description\":\"Just another D-Edge Accor V2 Sites Hosting site\",\"potentialAction\":[{\"@type\":\"SearchAction\",\"target\":{\"@type\":\"EntryPoint\",\"urlTemplate\":\"https:\/\/www.palladiohotelbuenosaires.com\/?s={search_term_string}\"},\"query-input\":{\"@type\":\"PropertyValueSpecification\",\"valueRequired\":true,\"valueName\":\"search_term_string\"}}],\"inLanguage\":\"pt-PT\"}]}<\/script>\n<!-- \/ Yoast SEO plugin. -->","yoast_head_json":{"title":"Negresco Bistr\u00f3 &#183; Palladio Hotel Buenos Aires - MGallery Collection &#183;","description":"Aproveite um ambiente m\u00e1gico no Negresco Bistr\u00f3, com um estilo moderno e elegante. Os comensais s\u00e3o agasalhados com uma cozinha Mediterr\u00e2nea requintada e um inovador card\u00e1pio sazonal, acompanhado por uma excepcional carta de vinhos","robots":{"index":"index","follow":"follow","max-snippet":"max-snippet:-1","max-image-preview":"max-image-preview:large","max-video-preview":"max-video-preview:-1"},"canonical":"https:\/\/www.palladiohotelbuenosaires.com\/pt-pt\/gastronomia\/negresco-bistro\/","og_locale":"pt_PT","og_type":"article","og_title":"Negresco Bistr\u00f3 &#183; Palladio Hotel Buenos Aires - MGallery Collection &#183;","og_description":"Aproveite um ambiente m\u00e1gico no Negresco Bistr\u00f3, com um estilo moderno e elegante. Os comensais s\u00e3o agasalhados com uma cozinha Mediterr\u00e2nea requintada e um inovador card\u00e1pio sazonal, acompanhado por uma excepcional carta de vinhos","og_url":"https:\/\/www.palladiohotelbuenosaires.com\/pt-pt\/gastronomia\/negresco-bistro\/","og_site_name":"Palladio Hotel Buenos Aires - MGallery Collection","article_modified_time":"2022-01-25T18:05:25+00:00","twitter_card":"summary_large_image","twitter_misc":{"Tempo estimado de leitura":"1 minuto"},"schema":{"@context":"https:\/\/schema.org","@graph":[{"@type":"WebPage","@id":"https:\/\/www.palladiohotelbuenosaires.com\/pt-pt\/gastronomia\/negresco-bistro\/","url":"https:\/\/www.palladiohotelbuenosaires.com\/pt-pt\/gastronomia\/negresco-bistro\/","name":"Negresco Bistr\u00f3 &#183; Palladio Hotel Buenos Aires - MGallery Collection &#183;","isPartOf":{"@id":"https:\/\/www.palladiohotelbuenosaires.com\/#website"},"datePublished":"2022-01-25T17:58:31+00:00","dateModified":"2022-01-25T18:05:25+00:00","description":"Aproveite um ambiente m\u00e1gico no Negresco Bistr\u00f3, com um estilo moderno e elegante. Os comensais s\u00e3o agasalhados com uma cozinha Mediterr\u00e2nea requintada e um inovador card\u00e1pio sazonal, acompanhado por uma excepcional carta de vinhos","breadcrumb":{"@id":"https:\/\/www.palladiohotelbuenosaires.com\/pt-pt\/gastronomia\/negresco-bistro\/#breadcrumb"},"inLanguage":"pt-PT","potentialAction":[{"@type":"ReadAction","target":["https:\/\/www.palladiohotelbuenosaires.com\/pt-pt\/gastronomia\/negresco-bistro\/"]}]},{"@type":"BreadcrumbList","@id":"https:\/\/www.palladiohotelbuenosaires.com\/pt-pt\/gastronomia\/negresco-bistro\/#breadcrumb","itemListElement":[{"@type":"ListItem","position":1,"name":"Home","item":"https:\/\/www.palladiohotelbuenosaires.com\/pt-pt\/"},{"@type":"ListItem","position":2,"name":"Gastronomia","item":"https:\/\/www.palladiohotelbuenosaires.com\/pt-pt\/gastronomia\/"},{"@type":"ListItem","position":3,"name":"Negresco Bistr\u00f3"}]},{"@type":"WebSite","@id":"https:\/\/www.palladiohotelbuenosaires.com\/#website","url":"https:\/\/www.palladiohotelbuenosaires.com\/","name":"Palladio Hotel Buenos Aires - MGallery Collection","description":"Just another D-Edge Accor V2 Sites Hosting site","potentialAction":[{"@type":"SearchAction","target":{"@type":"EntryPoint","urlTemplate":"https:\/\/www.palladiohotelbuenosaires.com\/?s={search_term_string}"},"query-input":{"@type":"PropertyValueSpecification","valueRequired":true,"valueName":"search_term_string"}}],"inLanguage":"pt-PT"}]}},"_links":{"self":[{"href":"https:\/\/www.palladiohotelbuenosaires.com\/pt-pt\/wp-json\/wp\/v2\/pages\/445","targetHints":{"allow":["GET"]}}],"collection":[{"href":"https:\/\/www.palladiohotelbuenosaires.com\/pt-pt\/wp-json\/wp\/v2\/pages"}],"about":[{"href":"https:\/\/www.palladiohotelbuenosaires.com\/pt-pt\/wp-json\/wp\/v2\/types\/page"}],"author":[{"embeddable":true,"href":"https:\/\/www.palladiohotelbuenosaires.com\/pt-pt\/wp-json\/wp\/v2\/users\/12"}],"replies":[{"embeddable":true,"href":"https:\/\/www.palladiohotelbuenosaires.com\/pt-pt\/wp-json\/wp\/v2\/comments?post=445"}],"version-history":[{"count":0,"href":"https:\/\/www.palladiohotelbuenosaires.com\/pt-pt\/wp-json\/wp\/v2\/pages\/445\/revisions"}],"up":[{"embeddable":true,"href":"https:\/\/www.palladiohotelbuenosaires.com\/pt-pt\/wp-json\/wp\/v2\/pages\/444"}],"wp:attachment":[{"href":"https:\/\/www.palladiohotelbuenosaires.com\/pt-pt\/wp-json\/wp\/v2\/media?parent=445"}],"wp:term":[{"taxonomy":"category","embeddable":true,"href":"https:\/\/www.palladiohotelbuenosaires.com\/pt-pt\/wp-json\/wp\/v2\/categories?post=445"}],"curies":[{"name":"wp","href":"https:\/\/api.w.org\/{rel}","templated":true}]}}