{"id":428,"date":"2022-01-25T14:43:56","date_gmt":"2022-01-25T14:43:56","guid":{"rendered":"https:\/\/mgallerypalladiohotel.accorv2prod.decms.eu\/?page_id=428"},"modified":"2022-01-25T14:43:56","modified_gmt":"2022-01-25T14:43:56","slug":"quartos","status":"publish","type":"page","link":"https:\/\/www.palladiohotelbuenosaires.com\/pt-pt\/quartos\/","title":{"rendered":"Quartos"},"content":{"rendered":"<p>O hotel disp\u00f5e de 113 elegantes quartos de design moderno, onde se destacam ambientes espa\u00e7osos e luminosos com grandes janelas, que se conectam a uma varanda convidando voc\u00ea a desfrutar uma vista fant\u00e1stica da cidade. Os luxuosos banheiros em m\u00e1rmore t\u00eam uma bancada de dupla pia e chuveiro separado. Todos os quartos oferecem internet WiFi gratuita, frigobar, m\u00e1quina de caf\u00e9 expresso e chaleira el\u00e9trica, cofre de seguran\u00e7a com capacidade para laptop, mesa de trabalho e servi\u00e7o de quarto 24 horas.lujosos ba\u00f1os de m\u00e1rmol con doble bacha y ducha independiente.<\/p>\n<p>Todas las habitaciones orfecen WiFi de cortes\u00eda, minibar, cafetera expresso y pava el\u00e9ctrica, caja de seguridad con capacidad para laptop, escritorio y servicio de room service las 24 horas.<\/p>\n","protected":false},"excerpt":{"rendered":"<p>O hotel disp\u00f5e de 113 elegantes quartos de design moderno, onde se destacam ambientes espa\u00e7osos e luminosos com grandes janelas, que se conectam a uma varanda convidando voc\u00ea a desfrutar uma vista fant\u00e1stica da cidade. Os luxuosos banheiros em m\u00e1rmore t\u00eam uma bancada de dupla pia e chuveiro separado. Todos os quartos oferecem internet WiFi [&hellip;]<\/p>\n","protected":false},"author":12,"featured_media":0,"parent":0,"menu_order":20,"comment_status":"closed","ping_status":"closed","template":"template-rooms.php","meta":{"footnotes":""},"categories":[],"class_list":["post-428","page","type-page","status-publish","hentry"],"acf":[],"yoast_head":"<!-- This site is optimized with the Yoast SEO plugin v26.9 - https:\/\/yoast.com\/product\/yoast-seo-wordpress\/ -->\n<title>Quartos &amp; Su\u00edtes<\/title>\n<meta name=\"description\" content=\"Para sua pr\u00f3xima viagem a Buenos Aires, escolha sua casa longe de casa reservando um de nossos espa\u00e7osos e modernos 113 quartos e su\u00edtes com varanda.\" \/>\n<meta name=\"robots\" content=\"index, follow, max-snippet:-1, max-image-preview:large, max-video-preview:-1\" \/>\n<link rel=\"canonical\" href=\"https:\/\/www.palladiohotelbuenosaires.com\/pt-pt\/quartos\/\" \/>\n<meta property=\"og:locale\" content=\"pt_PT\" \/>\n<meta property=\"og:type\" content=\"article\" \/>\n<meta property=\"og:title\" content=\"Quartos &amp; Su\u00edtes\" \/>\n<meta property=\"og:description\" content=\"Para sua pr\u00f3xima viagem a Buenos Aires, escolha sua casa longe de casa reservando um de nossos espa\u00e7osos e modernos 113 quartos e su\u00edtes com varanda.\" \/>\n<meta property=\"og:url\" content=\"https:\/\/www.palladiohotelbuenosaires.com\/pt-pt\/quartos\/\" \/>\n<meta property=\"og:site_name\" content=\"Palladio Hotel Buenos Aires - MGallery Collection\" \/>\n<meta name=\"twitter:card\" content=\"summary_large_image\" \/>\n<meta name=\"twitter:label1\" content=\"Tempo estimado de leitura\" \/>\n\t<meta name=\"twitter:data1\" content=\"1 minuto\" \/>\n<script type=\"application\/ld+json\" class=\"yoast-schema-graph\">{\"@context\":\"https:\/\/schema.org\",\"@graph\":[{\"@type\":\"WebPage\",\"@id\":\"https:\/\/www.palladiohotelbuenosaires.com\/pt-pt\/quartos\/\",\"url\":\"https:\/\/www.palladiohotelbuenosaires.com\/pt-pt\/quartos\/\",\"name\":\"Quartos & Su\u00edtes\",\"isPartOf\":{\"@id\":\"https:\/\/www.palladiohotelbuenosaires.com\/#website\"},\"datePublished\":\"2022-01-25T14:43:56+00:00\",\"description\":\"Para sua pr\u00f3xima viagem a Buenos Aires, escolha sua casa longe de casa reservando um de nossos espa\u00e7osos e modernos 113 quartos e su\u00edtes com varanda.\",\"breadcrumb\":{\"@id\":\"https:\/\/www.palladiohotelbuenosaires.com\/pt-pt\/quartos\/#breadcrumb\"},\"inLanguage\":\"pt-PT\",\"potentialAction\":[{\"@type\":\"ReadAction\",\"target\":[\"https:\/\/www.palladiohotelbuenosaires.com\/pt-pt\/quartos\/\"]}]},{\"@type\":\"BreadcrumbList\",\"@id\":\"https:\/\/www.palladiohotelbuenosaires.com\/pt-pt\/quartos\/#breadcrumb\",\"itemListElement\":[{\"@type\":\"ListItem\",\"position\":1,\"name\":\"Home\",\"item\":\"https:\/\/www.palladiohotelbuenosaires.com\/pt-pt\/\"},{\"@type\":\"ListItem\",\"position\":2,\"name\":\"Quartos\"}]},{\"@type\":\"WebSite\",\"@id\":\"https:\/\/www.palladiohotelbuenosaires.com\/#website\",\"url\":\"https:\/\/www.palladiohotelbuenosaires.com\/\",\"name\":\"Palladio Hotel Buenos Aires - MGallery Collection\",\"description\":\"Just another D-Edge Accor V2 Sites Hosting site\",\"potentialAction\":[{\"@type\":\"SearchAction\",\"target\":{\"@type\":\"EntryPoint\",\"urlTemplate\":\"https:\/\/www.palladiohotelbuenosaires.com\/?s={search_term_string}\"},\"query-input\":{\"@type\":\"PropertyValueSpecification\",\"valueRequired\":true,\"valueName\":\"search_term_string\"}}],\"inLanguage\":\"pt-PT\"}]}<\/script>\n<!-- \/ Yoast SEO plugin. -->","yoast_head_json":{"title":"Quartos & Su\u00edtes","description":"Para sua pr\u00f3xima viagem a Buenos Aires, escolha sua casa longe de casa reservando um de nossos espa\u00e7osos e modernos 113 quartos e su\u00edtes com varanda.","robots":{"index":"index","follow":"follow","max-snippet":"max-snippet:-1","max-image-preview":"max-image-preview:large","max-video-preview":"max-video-preview:-1"},"canonical":"https:\/\/www.palladiohotelbuenosaires.com\/pt-pt\/quartos\/","og_locale":"pt_PT","og_type":"article","og_title":"Quartos & Su\u00edtes","og_description":"Para sua pr\u00f3xima viagem a Buenos Aires, escolha sua casa longe de casa reservando um de nossos espa\u00e7osos e modernos 113 quartos e su\u00edtes com varanda.","og_url":"https:\/\/www.palladiohotelbuenosaires.com\/pt-pt\/quartos\/","og_site_name":"Palladio Hotel Buenos Aires - MGallery Collection","twitter_card":"summary_large_image","twitter_misc":{"Tempo estimado de leitura":"1 minuto"},"schema":{"@context":"https:\/\/schema.org","@graph":[{"@type":"WebPage","@id":"https:\/\/www.palladiohotelbuenosaires.com\/pt-pt\/quartos\/","url":"https:\/\/www.palladiohotelbuenosaires.com\/pt-pt\/quartos\/","name":"Quartos & Su\u00edtes","isPartOf":{"@id":"https:\/\/www.palladiohotelbuenosaires.com\/#website"},"datePublished":"2022-01-25T14:43:56+00:00","description":"Para sua pr\u00f3xima viagem a Buenos Aires, escolha sua casa longe de casa reservando um de nossos espa\u00e7osos e modernos 113 quartos e su\u00edtes com varanda.","breadcrumb":{"@id":"https:\/\/www.palladiohotelbuenosaires.com\/pt-pt\/quartos\/#breadcrumb"},"inLanguage":"pt-PT","potentialAction":[{"@type":"ReadAction","target":["https:\/\/www.palladiohotelbuenosaires.com\/pt-pt\/quartos\/"]}]},{"@type":"BreadcrumbList","@id":"https:\/\/www.palladiohotelbuenosaires.com\/pt-pt\/quartos\/#breadcrumb","itemListElement":[{"@type":"ListItem","position":1,"name":"Home","item":"https:\/\/www.palladiohotelbuenosaires.com\/pt-pt\/"},{"@type":"ListItem","position":2,"name":"Quartos"}]},{"@type":"WebSite","@id":"https:\/\/www.palladiohotelbuenosaires.com\/#website","url":"https:\/\/www.palladiohotelbuenosaires.com\/","name":"Palladio Hotel Buenos Aires - MGallery Collection","description":"Just another D-Edge Accor V2 Sites Hosting site","potentialAction":[{"@type":"SearchAction","target":{"@type":"EntryPoint","urlTemplate":"https:\/\/www.palladiohotelbuenosaires.com\/?s={search_term_string}"},"query-input":{"@type":"PropertyValueSpecification","valueRequired":true,"valueName":"search_term_string"}}],"inLanguage":"pt-PT"}]}},"_links":{"self":[{"href":"https:\/\/www.palladiohotelbuenosaires.com\/pt-pt\/wp-json\/wp\/v2\/pages\/428","targetHints":{"allow":["GET"]}}],"collection":[{"href":"https:\/\/www.palladiohotelbuenosaires.com\/pt-pt\/wp-json\/wp\/v2\/pages"}],"about":[{"href":"https:\/\/www.palladiohotelbuenosaires.com\/pt-pt\/wp-json\/wp\/v2\/types\/page"}],"author":[{"embeddable":true,"href":"https:\/\/www.palladiohotelbuenosaires.com\/pt-pt\/wp-json\/wp\/v2\/users\/12"}],"replies":[{"embeddable":true,"href":"https:\/\/www.palladiohotelbuenosaires.com\/pt-pt\/wp-json\/wp\/v2\/comments?post=428"}],"version-history":[{"count":0,"href":"https:\/\/www.palladiohotelbuenosaires.com\/pt-pt\/wp-json\/wp\/v2\/pages\/428\/revisions"}],"wp:attachment":[{"href":"https:\/\/www.palladiohotelbuenosaires.com\/pt-pt\/wp-json\/wp\/v2\/media?parent=428"}],"wp:term":[{"taxonomy":"category","embeddable":true,"href":"https:\/\/www.palladiohotelbuenosaires.com\/pt-pt\/wp-json\/wp\/v2\/categories?post=428"}],"curies":[{"name":"wp","href":"https:\/\/api.w.org\/{rel}","templated":true}]}}