{"id":415,"date":"2022-01-13T14:30:16","date_gmt":"2022-01-13T14:30:16","guid":{"rendered":"https:\/\/mgallerypalladiohotel.accorv2prod.decms.eu\/?page_id=415"},"modified":"2022-01-25T14:09:40","modified_gmt":"2022-01-25T14:09:40","slug":"stories-that-stay","status":"publish","type":"page","link":"https:\/\/www.palladiohotelbuenosaires.com\/pt-pt\/stories-that-stay\/","title":{"rendered":"Stories that Stay"},"content":{"rendered":"<p>Before it came to life as a hotel, the Palladio had a long history as one of the many private palaces prevalent across affluent neighborhoods Buenos Aires between 1880 and 1930. Built and designed by French, Italian, German and Belgian architects, these residences were decorated with European objects and works of art, defining the aesthetic legacy of the Argentine capital.<\/p>\n<p>At the time, these palaces were known primarily by the name of their owners. The building that houses this contemporary hotel today was the birthplace of local politician Nicol\u00e1s Rodr\u00edguez Pe\u00f1a and home to many secret gatherings among patriots that led to the May Revolution. Almost a century later, French architect Luis Marin transformed the private home into a four-level hotel particulier, complete with noble flooring, marble staircases, living rooms covered in beautiful oak paneling cared by hand, and even a mansard roof.<\/p>\n<p>Today, the European construction mixes with modern touches in the spirit of the Recoleta neighborhood &#8212; plus a few original surprises. An antique Florentine angel in bronze is a symbol of the building\u2019s past and a witness, much like each guest, to its future.<\/p>\n<p><a href=\"http:\/\/mgallerypalladiohotel.accorv2prod.decms.eu\/wp-content\/uploads\/sites\/7\/2022\/01\/folleto-Historia-Port.pdf\" target=\"_blank\" rel=\"noopener\">Descubra mais..<\/a><\/p>\n","protected":false},"excerpt":{"rendered":"<p>Before it came to life as a hotel, the Palladio had a long history as one of the many private palaces prevalent across affluent neighborhoods Buenos Aires between 1880 and 1930. Built and designed by French, Italian, German and Belgian architects, these residences were decorated with European objects and works of art, defining the aesthetic [&hellip;]<\/p>\n","protected":false},"author":12,"featured_media":0,"parent":0,"menu_order":140,"comment_status":"closed","ping_status":"closed","template":"template-stories-that-stay.php","meta":{"footnotes":""},"categories":[],"class_list":["post-415","page","type-page","status-publish","hentry"],"acf":[],"yoast_head":"<!-- This site is optimized with the Yoast SEO plugin v26.9 - https:\/\/yoast.com\/product\/yoast-seo-wordpress\/ -->\n<title>Stories that Stay &#183; Palladio Hotel Buenos Aires - MGallery Collection &#183;<\/title>\n<meta name=\"description\" content=\"Before it came to life as a hotel, the Palladio had a long history as one of the many private palaces prevalent across affluent neighborhoods Buenos Aires between 1880 and 1930. Built and designed by French, Italian, German and Belgian architects, these residences were decorated with European objects and works of art, defining the aesthetic legacy of the Argentine capital.  At the time, these palaces were known primarily by the name of their owners\" \/>\n<meta name=\"robots\" content=\"index, follow, max-snippet:-1, max-image-preview:large, max-video-preview:-1\" \/>\n<link rel=\"canonical\" href=\"https:\/\/www.palladiohotelbuenosaires.com\/pt-pt\/stories-that-stay\/\" \/>\n<meta property=\"og:locale\" content=\"pt_PT\" \/>\n<meta property=\"og:type\" content=\"article\" \/>\n<meta property=\"og:title\" content=\"Stories that Stay &#183; Palladio Hotel Buenos Aires - MGallery Collection &#183;\" \/>\n<meta property=\"og:description\" content=\"Before it came to life as a hotel, the Palladio had a long history as one of the many private palaces prevalent across affluent neighborhoods Buenos Aires between 1880 and 1930. Built and designed by French, Italian, German and Belgian architects, these residences were decorated with European objects and works of art, defining the aesthetic legacy of the Argentine capital.  At the time, these palaces were known primarily by the name of their owners\" \/>\n<meta property=\"og:url\" content=\"https:\/\/www.palladiohotelbuenosaires.com\/pt-pt\/stories-that-stay\/\" \/>\n<meta property=\"og:site_name\" content=\"Palladio Hotel Buenos Aires - MGallery Collection\" \/>\n<meta property=\"article:modified_time\" content=\"2022-01-25T14:09:40+00:00\" \/>\n<meta name=\"twitter:card\" content=\"summary_large_image\" \/>\n<meta name=\"twitter:label1\" content=\"Tempo estimado de leitura\" \/>\n\t<meta name=\"twitter:data1\" content=\"1 minuto\" \/>\n<script type=\"application\/ld+json\" class=\"yoast-schema-graph\">{\"@context\":\"https:\/\/schema.org\",\"@graph\":[{\"@type\":\"WebPage\",\"@id\":\"https:\/\/www.palladiohotelbuenosaires.com\/pt-pt\/stories-that-stay\/\",\"url\":\"https:\/\/www.palladiohotelbuenosaires.com\/pt-pt\/stories-that-stay\/\",\"name\":\"Stories that Stay &#183; Palladio Hotel Buenos Aires - MGallery Collection &#183;\",\"isPartOf\":{\"@id\":\"https:\/\/www.palladiohotelbuenosaires.com\/#website\"},\"datePublished\":\"2022-01-13T14:30:16+00:00\",\"dateModified\":\"2022-01-25T14:09:40+00:00\",\"description\":\"Before it came to life as a hotel, the Palladio had a long history as one of the many private palaces prevalent across affluent neighborhoods Buenos Aires between 1880 and 1930. Built and designed by French, Italian, German and Belgian architects, these residences were decorated with European objects and works of art, defining the aesthetic legacy of the Argentine capital. At the time, these palaces were known primarily by the name of their owners\",\"breadcrumb\":{\"@id\":\"https:\/\/www.palladiohotelbuenosaires.com\/pt-pt\/stories-that-stay\/#breadcrumb\"},\"inLanguage\":\"pt-PT\",\"potentialAction\":[{\"@type\":\"ReadAction\",\"target\":[\"https:\/\/www.palladiohotelbuenosaires.com\/pt-pt\/stories-that-stay\/\"]}]},{\"@type\":\"BreadcrumbList\",\"@id\":\"https:\/\/www.palladiohotelbuenosaires.com\/pt-pt\/stories-that-stay\/#breadcrumb\",\"itemListElement\":[{\"@type\":\"ListItem\",\"position\":1,\"name\":\"Home\",\"item\":\"https:\/\/www.palladiohotelbuenosaires.com\/pt-pt\/\"},{\"@type\":\"ListItem\",\"position\":2,\"name\":\"Stories that Stay\"}]},{\"@type\":\"WebSite\",\"@id\":\"https:\/\/www.palladiohotelbuenosaires.com\/#website\",\"url\":\"https:\/\/www.palladiohotelbuenosaires.com\/\",\"name\":\"Palladio Hotel Buenos Aires - MGallery Collection\",\"description\":\"Just another D-Edge Accor V2 Sites Hosting site\",\"potentialAction\":[{\"@type\":\"SearchAction\",\"target\":{\"@type\":\"EntryPoint\",\"urlTemplate\":\"https:\/\/www.palladiohotelbuenosaires.com\/?s={search_term_string}\"},\"query-input\":{\"@type\":\"PropertyValueSpecification\",\"valueRequired\":true,\"valueName\":\"search_term_string\"}}],\"inLanguage\":\"pt-PT\"}]}<\/script>\n<!-- \/ Yoast SEO plugin. -->","yoast_head_json":{"title":"Stories that Stay &#183; Palladio Hotel Buenos Aires - MGallery Collection &#183;","description":"Before it came to life as a hotel, the Palladio had a long history as one of the many private palaces prevalent across affluent neighborhoods Buenos Aires between 1880 and 1930. Built and designed by French, Italian, German and Belgian architects, these residences were decorated with European objects and works of art, defining the aesthetic legacy of the Argentine capital.  At the time, these palaces were known primarily by the name of their owners","robots":{"index":"index","follow":"follow","max-snippet":"max-snippet:-1","max-image-preview":"max-image-preview:large","max-video-preview":"max-video-preview:-1"},"canonical":"https:\/\/www.palladiohotelbuenosaires.com\/pt-pt\/stories-that-stay\/","og_locale":"pt_PT","og_type":"article","og_title":"Stories that Stay &#183; Palladio Hotel Buenos Aires - MGallery Collection &#183;","og_description":"Before it came to life as a hotel, the Palladio had a long history as one of the many private palaces prevalent across affluent neighborhoods Buenos Aires between 1880 and 1930. Built and designed by French, Italian, German and Belgian architects, these residences were decorated with European objects and works of art, defining the aesthetic legacy of the Argentine capital.  At the time, these palaces were known primarily by the name of their owners","og_url":"https:\/\/www.palladiohotelbuenosaires.com\/pt-pt\/stories-that-stay\/","og_site_name":"Palladio Hotel Buenos Aires - MGallery Collection","article_modified_time":"2022-01-25T14:09:40+00:00","twitter_card":"summary_large_image","twitter_misc":{"Tempo estimado de leitura":"1 minuto"},"schema":{"@context":"https:\/\/schema.org","@graph":[{"@type":"WebPage","@id":"https:\/\/www.palladiohotelbuenosaires.com\/pt-pt\/stories-that-stay\/","url":"https:\/\/www.palladiohotelbuenosaires.com\/pt-pt\/stories-that-stay\/","name":"Stories that Stay &#183; Palladio Hotel Buenos Aires - MGallery Collection &#183;","isPartOf":{"@id":"https:\/\/www.palladiohotelbuenosaires.com\/#website"},"datePublished":"2022-01-13T14:30:16+00:00","dateModified":"2022-01-25T14:09:40+00:00","description":"Before it came to life as a hotel, the Palladio had a long history as one of the many private palaces prevalent across affluent neighborhoods Buenos Aires between 1880 and 1930. Built and designed by French, Italian, German and Belgian architects, these residences were decorated with European objects and works of art, defining the aesthetic legacy of the Argentine capital. At the time, these palaces were known primarily by the name of their owners","breadcrumb":{"@id":"https:\/\/www.palladiohotelbuenosaires.com\/pt-pt\/stories-that-stay\/#breadcrumb"},"inLanguage":"pt-PT","potentialAction":[{"@type":"ReadAction","target":["https:\/\/www.palladiohotelbuenosaires.com\/pt-pt\/stories-that-stay\/"]}]},{"@type":"BreadcrumbList","@id":"https:\/\/www.palladiohotelbuenosaires.com\/pt-pt\/stories-that-stay\/#breadcrumb","itemListElement":[{"@type":"ListItem","position":1,"name":"Home","item":"https:\/\/www.palladiohotelbuenosaires.com\/pt-pt\/"},{"@type":"ListItem","position":2,"name":"Stories that Stay"}]},{"@type":"WebSite","@id":"https:\/\/www.palladiohotelbuenosaires.com\/#website","url":"https:\/\/www.palladiohotelbuenosaires.com\/","name":"Palladio Hotel Buenos Aires - MGallery Collection","description":"Just another D-Edge Accor V2 Sites Hosting site","potentialAction":[{"@type":"SearchAction","target":{"@type":"EntryPoint","urlTemplate":"https:\/\/www.palladiohotelbuenosaires.com\/?s={search_term_string}"},"query-input":{"@type":"PropertyValueSpecification","valueRequired":true,"valueName":"search_term_string"}}],"inLanguage":"pt-PT"}]}},"_links":{"self":[{"href":"https:\/\/www.palladiohotelbuenosaires.com\/pt-pt\/wp-json\/wp\/v2\/pages\/415","targetHints":{"allow":["GET"]}}],"collection":[{"href":"https:\/\/www.palladiohotelbuenosaires.com\/pt-pt\/wp-json\/wp\/v2\/pages"}],"about":[{"href":"https:\/\/www.palladiohotelbuenosaires.com\/pt-pt\/wp-json\/wp\/v2\/types\/page"}],"author":[{"embeddable":true,"href":"https:\/\/www.palladiohotelbuenosaires.com\/pt-pt\/wp-json\/wp\/v2\/users\/12"}],"replies":[{"embeddable":true,"href":"https:\/\/www.palladiohotelbuenosaires.com\/pt-pt\/wp-json\/wp\/v2\/comments?post=415"}],"version-history":[{"count":0,"href":"https:\/\/www.palladiohotelbuenosaires.com\/pt-pt\/wp-json\/wp\/v2\/pages\/415\/revisions"}],"wp:attachment":[{"href":"https:\/\/www.palladiohotelbuenosaires.com\/pt-pt\/wp-json\/wp\/v2\/media?parent=415"}],"wp:term":[{"taxonomy":"category","embeddable":true,"href":"https:\/\/www.palladiohotelbuenosaires.com\/pt-pt\/wp-json\/wp\/v2\/categories?post=415"}],"curies":[{"name":"wp","href":"https:\/\/api.w.org\/{rel}","templated":true}]}}