{"id":1510,"date":"2025-12-01T14:13:26","date_gmt":"2025-12-01T14:13:26","guid":{"rendered":"https:\/\/www.palladiohotelbuenosaires.com\/?page_id=1510"},"modified":"2025-12-01T15:21:26","modified_gmt":"2025-12-01T15:21:26","slug":"desenvolvimento-sustentavel","status":"publish","type":"page","link":"https:\/\/www.palladiohotelbuenosaires.com\/pt-pt\/desenvolvimento-sustentavel\/","title":{"rendered":"Desenvolvimento Sustent\u00e1vel"},"content":{"rendered":"<p>No <b>Palladio Hotel <\/b><b>Buenos Aires<\/b><b> \u2013 MGallery Collection<\/b>, entendemos que o luxo, a qualidade e o conforto podem coexistir com a responsabilidade para com o nosso ambiente.\u00a0 Como parte da comunidade global, estamos conscientes da import\u00e2ncia de agir em nome do meio ambiente e do patrim\u00f4nio cultural que nos rodeia.\u00a0Somos conscientes da import\u00e2ncia de agir em prol do meio ambiente e do patrim\u00f4nio cultural que nos cerca. Por isso, assumimos o compromisso de implementar diversas a\u00e7\u00f5es voltadas \u00e0 melhoria cont\u00ednua do nosso sistema de gest\u00e3o sustent\u00e1vel e de oferecer um servi\u00e7o de excelente qualidade aos nossos h\u00f3spedes.<\/p>\n<p data-start=\"401\" data-end=\"953\">Essa jornada rumo a um turismo mais respons\u00e1vel e consciente nos permitiu, no final de 2024, receber a <strong data-start=\"504\" data-end=\"525\">certifica\u00e7\u00e3o OURO<\/strong> do programa <em data-start=\"538\" data-end=\"558\">Hot\u00e9is Mais Verdes<\/em>, uma iniciativa da Asociaci\u00f3n de Hoteles de Turismo de la Rep\u00fablica Argentina (AHT), validada pelo Instituto Argentino de Normaliza\u00e7\u00e3o e Certifica\u00e7\u00e3o (IRAM) e reconhecida pelo Minist\u00e9rio do Turismo da Na\u00e7\u00e3o. O programa tamb\u00e9m foi reconhecido pelo <strong data-start=\"806\" data-end=\"851\">Global Sustainable Tourism Council (GSTC)<\/strong>, posicionando-se entre os mais prestigiados sistemas de certifica\u00e7\u00e3o de turismo sustent\u00e1vel do mundo.<\/p>\n<p data-start=\"955\" data-end=\"1135\">Convidamos a todos a somar-se a este esfor\u00e7o conjunto para preservar nosso planeta e as riquezas culturais da Argentina. Juntos, podemos contribuir para um futuro mais sustent\u00e1vel.<\/p>\n<p data-start=\"955\" data-end=\"1135\">\n<p data-start=\"955\" data-end=\"1135\"><strong data-start=\"782\" data-end=\"817\">Acompanhe sua pegada de carbono<\/strong><br data-start=\"817\" data-end=\"820\" \/>O Accor Carbon Tracker <a href=\"https:\/\/carbontracker.accor.com\/\">carbontracker.accor.com<\/a> permite calcular a pegada de carbono da sua hospedagem ou evento em menos de 5 minutos, utilizando dados precisos e confi\u00e1veis de mais de 5.500 hot\u00e9is Accor ao redor do mundo.<\/p>\n","protected":false},"excerpt":{"rendered":"<p>No Palladio Hotel Buenos Aires \u2013 MGallery Collection, entendemos que o luxo, a qualidade e o conforto podem coexistir com a responsabilidade para com o nosso ambiente.\u00a0 Como parte da comunidade global, estamos conscientes da import\u00e2ncia de agir em nome do meio ambiente e do patrim\u00f4nio cultural que nos rodeia.\u00a0Somos conscientes da import\u00e2ncia de agir [&hellip;]<\/p>\n","protected":false},"author":33,"featured_media":256,"parent":0,"menu_order":999,"comment_status":"closed","ping_status":"closed","template":"","meta":{"footnotes":""},"categories":[],"class_list":["post-1510","page","type-page","status-publish","has-post-thumbnail","hentry"],"acf":[],"yoast_head":"<!-- This site is optimized with the Yoast SEO plugin v26.9 - https:\/\/yoast.com\/product\/yoast-seo-wordpress\/ -->\n<title>Desenvolvimento Sustent\u00e1vel &#183; Palladio Hotel Buenos Aires - MGallery Collection &#183;<\/title>\n<meta name=\"description\" content=\"No Palladio Hotel Buenos Aires \u2013 MGallery Collection, entendemos que o luxo, a qualidade e o conforto podem coexistir com a responsabilidade para com o nosso ambiente.\u00a0 Como parte da comunidade global, estamos conscientes da import\u00e2ncia de agir em nome do meio ambiente e do patrim\u00f4nio cultural que nos rodeia.\u00a0Somos conscientes da import\u00e2ncia de agir em prol do meio ambiente e do patrim\u00f4nio cultural que nos cerca. Por isso, assumimos o compromisso de implementar diversas a\u00e7\u00f5es voltadas \u00e0 melhoria cont\u00ednua do nosso sistema de gest\u00e3o sustent\u00e1vel e de oferecer um servi\u00e7o de excelente qualidade aos nossos h\u00f3spedes. Essa jornada rumo a um turismo mais respons\u00e1vel e consciente nos permitiu, no final de 2024, receber a certifica\u00e7\u00e3o OURO do programa Hot\u00e9is Mais Verdes, uma iniciativa da Asociaci\u00f3n de Hoteles de Turismo de la Rep\u00fablica Argentina (AHT), validada pelo Instituto Argentino de Normaliza\u00e7\u00e3o e Certifica\u00e7\u00e3o (IRAM) e reconhecida pelo Minist\u00e9rio do Turismo da Na\u00e7\u00e3o\" \/>\n<meta name=\"robots\" content=\"index, follow, max-snippet:-1, max-image-preview:large, max-video-preview:-1\" \/>\n<link rel=\"canonical\" href=\"https:\/\/www.palladiohotelbuenosaires.com\/pt-pt\/desenvolvimento-sustentavel\/\" \/>\n<meta property=\"og:locale\" content=\"pt_PT\" \/>\n<meta property=\"og:type\" content=\"article\" \/>\n<meta property=\"og:title\" content=\"Desenvolvimento Sustent\u00e1vel &#183; Palladio Hotel Buenos Aires - MGallery Collection &#183;\" \/>\n<meta property=\"og:description\" content=\"No Palladio Hotel Buenos Aires \u2013 MGallery Collection, entendemos que o luxo, a qualidade e o conforto podem coexistir com a responsabilidade para com o nosso ambiente.\u00a0 Como parte da comunidade global, estamos conscientes da import\u00e2ncia de agir em nome do meio ambiente e do patrim\u00f4nio cultural que nos rodeia.\u00a0Somos conscientes da import\u00e2ncia de agir em prol do meio ambiente e do patrim\u00f4nio cultural que nos cerca. Por isso, assumimos o compromisso de implementar diversas a\u00e7\u00f5es voltadas \u00e0 melhoria cont\u00ednua do nosso sistema de gest\u00e3o sustent\u00e1vel e de oferecer um servi\u00e7o de excelente qualidade aos nossos h\u00f3spedes. Essa jornada rumo a um turismo mais respons\u00e1vel e consciente nos permitiu, no final de 2024, receber a certifica\u00e7\u00e3o OURO do programa Hot\u00e9is Mais Verdes, uma iniciativa da Asociaci\u00f3n de Hoteles de Turismo de la Rep\u00fablica Argentina (AHT), validada pelo Instituto Argentino de Normaliza\u00e7\u00e3o e Certifica\u00e7\u00e3o (IRAM) e reconhecida pelo Minist\u00e9rio do Turismo da Na\u00e7\u00e3o\" \/>\n<meta property=\"og:url\" content=\"https:\/\/www.palladiohotelbuenosaires.com\/pt-pt\/desenvolvimento-sustentavel\/\" \/>\n<meta property=\"og:site_name\" content=\"Palladio Hotel Buenos Aires - MGallery Collection\" \/>\n<meta property=\"article:modified_time\" content=\"2025-12-01T15:21:26+00:00\" \/>\n<meta property=\"og:image\" content=\"https:\/\/www.palladiohotelbuenosaires.com\/wp-content\/uploads\/sites\/7\/2021\/12\/palladio_hotel_mgallery_rooms_executive_gallery_08.jpg\" \/>\n\t<meta property=\"og:image:width\" content=\"1200\" \/>\n\t<meta property=\"og:image:height\" content=\"800\" \/>\n\t<meta property=\"og:image:type\" content=\"image\/jpeg\" \/>\n<meta name=\"twitter:card\" content=\"summary_large_image\" \/>\n<meta name=\"twitter:label1\" content=\"Tempo estimado de leitura\" \/>\n\t<meta name=\"twitter:data1\" content=\"1 minuto\" \/>\n<script type=\"application\/ld+json\" class=\"yoast-schema-graph\">{\"@context\":\"https:\/\/schema.org\",\"@graph\":[{\"@type\":\"WebPage\",\"@id\":\"https:\/\/www.palladiohotelbuenosaires.com\/pt-pt\/desenvolvimento-sustentavel\/\",\"url\":\"https:\/\/www.palladiohotelbuenosaires.com\/pt-pt\/desenvolvimento-sustentavel\/\",\"name\":\"Desenvolvimento Sustent\u00e1vel &#183; Palladio Hotel Buenos Aires - MGallery Collection &#183;\",\"isPartOf\":{\"@id\":\"https:\/\/www.palladiohotelbuenosaires.com\/#website\"},\"primaryImageOfPage\":{\"@id\":\"https:\/\/www.palladiohotelbuenosaires.com\/pt-pt\/desenvolvimento-sustentavel\/#primaryimage\"},\"image\":{\"@id\":\"https:\/\/www.palladiohotelbuenosaires.com\/pt-pt\/desenvolvimento-sustentavel\/#primaryimage\"},\"thumbnailUrl\":\"https:\/\/www.palladiohotelbuenosaires.com\/wp-content\/uploads\/sites\/7\/2021\/12\/palladio_hotel_mgallery_rooms_executive_gallery_08.jpg\",\"datePublished\":\"2025-12-01T14:13:26+00:00\",\"dateModified\":\"2025-12-01T15:21:26+00:00\",\"description\":\"No Palladio Hotel Buenos Aires \u2013 MGallery Collection, entendemos que o luxo, a qualidade e o conforto podem coexistir com a responsabilidade para com o nosso ambiente.\u00a0 Como parte da comunidade global, estamos conscientes da import\u00e2ncia de agir em nome do meio ambiente e do patrim\u00f4nio cultural que nos rodeia.\u00a0Somos conscientes da import\u00e2ncia de agir em prol do meio ambiente e do patrim\u00f4nio cultural que nos cerca. Por isso, assumimos o compromisso de implementar diversas a\u00e7\u00f5es voltadas \u00e0 melhoria cont\u00ednua do nosso sistema de gest\u00e3o sustent\u00e1vel e de oferecer um servi\u00e7o de excelente qualidade aos nossos h\u00f3spedes. Essa jornada rumo a um turismo mais respons\u00e1vel e consciente nos permitiu, no final de 2024, receber a certifica\u00e7\u00e3o OURO do programa Hot\u00e9is Mais Verdes, uma iniciativa da Asociaci\u00f3n de Hoteles de Turismo de la Rep\u00fablica Argentina (AHT), validada pelo Instituto Argentino de Normaliza\u00e7\u00e3o e Certifica\u00e7\u00e3o (IRAM) e reconhecida pelo Minist\u00e9rio do Turismo da Na\u00e7\u00e3o\",\"breadcrumb\":{\"@id\":\"https:\/\/www.palladiohotelbuenosaires.com\/pt-pt\/desenvolvimento-sustentavel\/#breadcrumb\"},\"inLanguage\":\"pt-PT\",\"potentialAction\":[{\"@type\":\"ReadAction\",\"target\":[\"https:\/\/www.palladiohotelbuenosaires.com\/pt-pt\/desenvolvimento-sustentavel\/\"]}]},{\"@type\":\"ImageObject\",\"inLanguage\":\"pt-PT\",\"@id\":\"https:\/\/www.palladiohotelbuenosaires.com\/pt-pt\/desenvolvimento-sustentavel\/#primaryimage\",\"url\":\"https:\/\/www.palladiohotelbuenosaires.com\/wp-content\/uploads\/sites\/7\/2021\/12\/palladio_hotel_mgallery_rooms_executive_gallery_08.jpg\",\"contentUrl\":\"https:\/\/www.palladiohotelbuenosaires.com\/wp-content\/uploads\/sites\/7\/2021\/12\/palladio_hotel_mgallery_rooms_executive_gallery_08.jpg\",\"width\":1200,\"height\":800},{\"@type\":\"BreadcrumbList\",\"@id\":\"https:\/\/www.palladiohotelbuenosaires.com\/pt-pt\/desenvolvimento-sustentavel\/#breadcrumb\",\"itemListElement\":[{\"@type\":\"ListItem\",\"position\":1,\"name\":\"Home\",\"item\":\"https:\/\/www.palladiohotelbuenosaires.com\/pt-pt\/\"},{\"@type\":\"ListItem\",\"position\":2,\"name\":\"Desenvolvimento Sustent\u00e1vel\"}]},{\"@type\":\"WebSite\",\"@id\":\"https:\/\/www.palladiohotelbuenosaires.com\/#website\",\"url\":\"https:\/\/www.palladiohotelbuenosaires.com\/\",\"name\":\"Palladio Hotel Buenos Aires - MGallery Collection\",\"description\":\"Just another D-Edge Accor V2 Sites Hosting site\",\"potentialAction\":[{\"@type\":\"SearchAction\",\"target\":{\"@type\":\"EntryPoint\",\"urlTemplate\":\"https:\/\/www.palladiohotelbuenosaires.com\/?s={search_term_string}\"},\"query-input\":{\"@type\":\"PropertyValueSpecification\",\"valueRequired\":true,\"valueName\":\"search_term_string\"}}],\"inLanguage\":\"pt-PT\"}]}<\/script>\n<!-- \/ Yoast SEO plugin. -->","yoast_head_json":{"title":"Desenvolvimento Sustent\u00e1vel &#183; Palladio Hotel Buenos Aires - MGallery Collection &#183;","description":"No Palladio Hotel Buenos Aires \u2013 MGallery Collection, entendemos que o luxo, a qualidade e o conforto podem coexistir com a responsabilidade para com o nosso ambiente.\u00a0 Como parte da comunidade global, estamos conscientes da import\u00e2ncia de agir em nome do meio ambiente e do patrim\u00f4nio cultural que nos rodeia.\u00a0Somos conscientes da import\u00e2ncia de agir em prol do meio ambiente e do patrim\u00f4nio cultural que nos cerca. Por isso, assumimos o compromisso de implementar diversas a\u00e7\u00f5es voltadas \u00e0 melhoria cont\u00ednua do nosso sistema de gest\u00e3o sustent\u00e1vel e de oferecer um servi\u00e7o de excelente qualidade aos nossos h\u00f3spedes. Essa jornada rumo a um turismo mais respons\u00e1vel e consciente nos permitiu, no final de 2024, receber a certifica\u00e7\u00e3o OURO do programa Hot\u00e9is Mais Verdes, uma iniciativa da Asociaci\u00f3n de Hoteles de Turismo de la Rep\u00fablica Argentina (AHT), validada pelo Instituto Argentino de Normaliza\u00e7\u00e3o e Certifica\u00e7\u00e3o (IRAM) e reconhecida pelo Minist\u00e9rio do Turismo da Na\u00e7\u00e3o","robots":{"index":"index","follow":"follow","max-snippet":"max-snippet:-1","max-image-preview":"max-image-preview:large","max-video-preview":"max-video-preview:-1"},"canonical":"https:\/\/www.palladiohotelbuenosaires.com\/pt-pt\/desenvolvimento-sustentavel\/","og_locale":"pt_PT","og_type":"article","og_title":"Desenvolvimento Sustent\u00e1vel &#183; Palladio Hotel Buenos Aires - MGallery Collection &#183;","og_description":"No Palladio Hotel Buenos Aires \u2013 MGallery Collection, entendemos que o luxo, a qualidade e o conforto podem coexistir com a responsabilidade para com o nosso ambiente.\u00a0 Como parte da comunidade global, estamos conscientes da import\u00e2ncia de agir em nome do meio ambiente e do patrim\u00f4nio cultural que nos rodeia.\u00a0Somos conscientes da import\u00e2ncia de agir em prol do meio ambiente e do patrim\u00f4nio cultural que nos cerca. Por isso, assumimos o compromisso de implementar diversas a\u00e7\u00f5es voltadas \u00e0 melhoria cont\u00ednua do nosso sistema de gest\u00e3o sustent\u00e1vel e de oferecer um servi\u00e7o de excelente qualidade aos nossos h\u00f3spedes. Essa jornada rumo a um turismo mais respons\u00e1vel e consciente nos permitiu, no final de 2024, receber a certifica\u00e7\u00e3o OURO do programa Hot\u00e9is Mais Verdes, uma iniciativa da Asociaci\u00f3n de Hoteles de Turismo de la Rep\u00fablica Argentina (AHT), validada pelo Instituto Argentino de Normaliza\u00e7\u00e3o e Certifica\u00e7\u00e3o (IRAM) e reconhecida pelo Minist\u00e9rio do Turismo da Na\u00e7\u00e3o","og_url":"https:\/\/www.palladiohotelbuenosaires.com\/pt-pt\/desenvolvimento-sustentavel\/","og_site_name":"Palladio Hotel Buenos Aires - MGallery Collection","article_modified_time":"2025-12-01T15:21:26+00:00","og_image":[{"width":1200,"height":800,"url":"https:\/\/www.palladiohotelbuenosaires.com\/wp-content\/uploads\/sites\/7\/2021\/12\/palladio_hotel_mgallery_rooms_executive_gallery_08.jpg","type":"image\/jpeg"}],"twitter_card":"summary_large_image","twitter_misc":{"Tempo estimado de leitura":"1 minuto"},"schema":{"@context":"https:\/\/schema.org","@graph":[{"@type":"WebPage","@id":"https:\/\/www.palladiohotelbuenosaires.com\/pt-pt\/desenvolvimento-sustentavel\/","url":"https:\/\/www.palladiohotelbuenosaires.com\/pt-pt\/desenvolvimento-sustentavel\/","name":"Desenvolvimento Sustent\u00e1vel &#183; Palladio Hotel Buenos Aires - MGallery Collection &#183;","isPartOf":{"@id":"https:\/\/www.palladiohotelbuenosaires.com\/#website"},"primaryImageOfPage":{"@id":"https:\/\/www.palladiohotelbuenosaires.com\/pt-pt\/desenvolvimento-sustentavel\/#primaryimage"},"image":{"@id":"https:\/\/www.palladiohotelbuenosaires.com\/pt-pt\/desenvolvimento-sustentavel\/#primaryimage"},"thumbnailUrl":"https:\/\/www.palladiohotelbuenosaires.com\/wp-content\/uploads\/sites\/7\/2021\/12\/palladio_hotel_mgallery_rooms_executive_gallery_08.jpg","datePublished":"2025-12-01T14:13:26+00:00","dateModified":"2025-12-01T15:21:26+00:00","description":"No Palladio Hotel Buenos Aires \u2013 MGallery Collection, entendemos que o luxo, a qualidade e o conforto podem coexistir com a responsabilidade para com o nosso ambiente.\u00a0 Como parte da comunidade global, estamos conscientes da import\u00e2ncia de agir em nome do meio ambiente e do patrim\u00f4nio cultural que nos rodeia.\u00a0Somos conscientes da import\u00e2ncia de agir em prol do meio ambiente e do patrim\u00f4nio cultural que nos cerca. Por isso, assumimos o compromisso de implementar diversas a\u00e7\u00f5es voltadas \u00e0 melhoria cont\u00ednua do nosso sistema de gest\u00e3o sustent\u00e1vel e de oferecer um servi\u00e7o de excelente qualidade aos nossos h\u00f3spedes. Essa jornada rumo a um turismo mais respons\u00e1vel e consciente nos permitiu, no final de 2024, receber a certifica\u00e7\u00e3o OURO do programa Hot\u00e9is Mais Verdes, uma iniciativa da Asociaci\u00f3n de Hoteles de Turismo de la Rep\u00fablica Argentina (AHT), validada pelo Instituto Argentino de Normaliza\u00e7\u00e3o e Certifica\u00e7\u00e3o (IRAM) e reconhecida pelo Minist\u00e9rio do Turismo da Na\u00e7\u00e3o","breadcrumb":{"@id":"https:\/\/www.palladiohotelbuenosaires.com\/pt-pt\/desenvolvimento-sustentavel\/#breadcrumb"},"inLanguage":"pt-PT","potentialAction":[{"@type":"ReadAction","target":["https:\/\/www.palladiohotelbuenosaires.com\/pt-pt\/desenvolvimento-sustentavel\/"]}]},{"@type":"ImageObject","inLanguage":"pt-PT","@id":"https:\/\/www.palladiohotelbuenosaires.com\/pt-pt\/desenvolvimento-sustentavel\/#primaryimage","url":"https:\/\/www.palladiohotelbuenosaires.com\/wp-content\/uploads\/sites\/7\/2021\/12\/palladio_hotel_mgallery_rooms_executive_gallery_08.jpg","contentUrl":"https:\/\/www.palladiohotelbuenosaires.com\/wp-content\/uploads\/sites\/7\/2021\/12\/palladio_hotel_mgallery_rooms_executive_gallery_08.jpg","width":1200,"height":800},{"@type":"BreadcrumbList","@id":"https:\/\/www.palladiohotelbuenosaires.com\/pt-pt\/desenvolvimento-sustentavel\/#breadcrumb","itemListElement":[{"@type":"ListItem","position":1,"name":"Home","item":"https:\/\/www.palladiohotelbuenosaires.com\/pt-pt\/"},{"@type":"ListItem","position":2,"name":"Desenvolvimento Sustent\u00e1vel"}]},{"@type":"WebSite","@id":"https:\/\/www.palladiohotelbuenosaires.com\/#website","url":"https:\/\/www.palladiohotelbuenosaires.com\/","name":"Palladio Hotel Buenos Aires - MGallery Collection","description":"Just another D-Edge Accor V2 Sites Hosting site","potentialAction":[{"@type":"SearchAction","target":{"@type":"EntryPoint","urlTemplate":"https:\/\/www.palladiohotelbuenosaires.com\/?s={search_term_string}"},"query-input":{"@type":"PropertyValueSpecification","valueRequired":true,"valueName":"search_term_string"}}],"inLanguage":"pt-PT"}]}},"_links":{"self":[{"href":"https:\/\/www.palladiohotelbuenosaires.com\/pt-pt\/wp-json\/wp\/v2\/pages\/1510","targetHints":{"allow":["GET"]}}],"collection":[{"href":"https:\/\/www.palladiohotelbuenosaires.com\/pt-pt\/wp-json\/wp\/v2\/pages"}],"about":[{"href":"https:\/\/www.palladiohotelbuenosaires.com\/pt-pt\/wp-json\/wp\/v2\/types\/page"}],"author":[{"embeddable":true,"href":"https:\/\/www.palladiohotelbuenosaires.com\/pt-pt\/wp-json\/wp\/v2\/users\/33"}],"replies":[{"embeddable":true,"href":"https:\/\/www.palladiohotelbuenosaires.com\/pt-pt\/wp-json\/wp\/v2\/comments?post=1510"}],"version-history":[{"count":0,"href":"https:\/\/www.palladiohotelbuenosaires.com\/pt-pt\/wp-json\/wp\/v2\/pages\/1510\/revisions"}],"wp:featuredmedia":[{"embeddable":true,"href":"https:\/\/www.palladiohotelbuenosaires.com\/pt-pt\/wp-json\/wp\/v2\/media\/256"}],"wp:attachment":[{"href":"https:\/\/www.palladiohotelbuenosaires.com\/pt-pt\/wp-json\/wp\/v2\/media?parent=1510"}],"wp:term":[{"taxonomy":"category","embeddable":true,"href":"https:\/\/www.palladiohotelbuenosaires.com\/pt-pt\/wp-json\/wp\/v2\/categories?post=1510"}],"curies":[{"name":"wp","href":"https:\/\/api.w.org\/{rel}","templated":true}]}}